{"id":958,"date":"2023-10-31T14:00:34","date_gmt":"2023-10-31T13:00:34","guid":{"rendered":"https:\/\/lucioles-aufildesoi.fr\/?page_id=958"},"modified":"2024-10-11T18:21:36","modified_gmt":"2024-10-11T16:21:36","slug":"me-contacter-2","status":"publish","type":"page","link":"https:\/\/lucioles-aufildesoi.fr\/index.php\/me-contacter-2\/","title":{"rendered":"Me contacter\/s&#8217;inscrire"},"content":{"rendered":"\n<p>Pour r\u00e9server une place et t&#8217;inscrire \u00e0 une conf\u00e9rence ou \u00e0 un atelier et poser toutes tes questions ! Parce que derri\u00e8re il y a une humaine ravie de vous r\u00e9pondre individuellement.<\/p>\n\n\n\n<p class=\"has-text-align-center has-foreground-color has-text-color has-background has-link-color has-medium-font-size wp-elements-d54c5a01e7e1790d9ea93de95456010c\" style=\"background-color:#f79b8d\"><strong>Infos &amp; inscriptions<\/strong><\/p>\n\n\n\n<div class=\"wp-block-media-text is-stacked-on-mobile has-background\" style=\"background-color:#f79b8d;grid-template-columns:39% auto\"><figure class=\"wp-block-media-text__media\"><img loading=\"lazy\" decoding=\"async\" width=\"442\" height=\"410\" src=\"https:\/\/lucioles-aufildesoi.fr\/wp-content\/uploads\/2024\/01\/yin-yang.png\" alt=\"\" class=\"wp-image-1105 size-full\" srcset=\"https:\/\/lucioles-aufildesoi.fr\/wp-content\/uploads\/2024\/01\/yin-yang.png 442w, https:\/\/lucioles-aufildesoi.fr\/wp-content\/uploads\/2024\/01\/yin-yang-300x278.png 300w\" sizes=\"auto, (max-width: 442px) 100vw, 442px\" \/><\/figure><div class=\"wp-block-media-text__content\">\n<div class=\"wp-block-contact-form-7-contact-form-selector\">\n<div class=\"wpcf7 no-js\" id=\"wpcf7-f255-o1\" lang=\"fr-FR\" dir=\"ltr\">\n<div class=\"screen-reader-response\"><p role=\"status\" aria-live=\"polite\" aria-atomic=\"true\"><\/p> <ul><\/ul><\/div>\n<form action=\"\/index.php\/wp-json\/wp\/v2\/pages\/958#wpcf7-f255-o1\" method=\"post\" class=\"wpcf7-form init\" aria-label=\"Formulaire de contact\" novalidate=\"novalidate\" data-status=\"init\">\n<div style=\"display: none;\">\n<input type=\"hidden\" name=\"_wpcf7\" value=\"255\" \/>\n<input type=\"hidden\" name=\"_wpcf7_version\" value=\"5.9.8\" \/>\n<input type=\"hidden\" name=\"_wpcf7_locale\" value=\"fr_FR\" \/>\n<input type=\"hidden\" name=\"_wpcf7_unit_tag\" value=\"wpcf7-f255-o1\" \/>\n<input type=\"hidden\" name=\"_wpcf7_container_post\" value=\"0\" \/>\n<input type=\"hidden\" name=\"_wpcf7_posted_data_hash\" value=\"\" \/>\n<\/div>\n<p><label> Votre nom<br \/>\n<span class=\"wpcf7-form-control-wrap\" data-name=\"your-name\"><input size=\"40\" maxlength=\"400\" class=\"wpcf7-form-control wpcf7-text wpcf7-validates-as-required\" aria-required=\"true\" aria-invalid=\"false\" value=\"\" type=\"text\" name=\"your-name\" \/><\/span> <\/label>\n<\/p>\n<p><label> Votre e-mail<br \/>\n<span class=\"wpcf7-form-control-wrap\" data-name=\"your-email\"><input size=\"40\" maxlength=\"400\" class=\"wpcf7-form-control wpcf7-email wpcf7-validates-as-required wpcf7-text wpcf7-validates-as-email\" aria-required=\"true\" aria-invalid=\"false\" value=\"\" type=\"email\" name=\"your-email\" \/><\/span> <\/label>\n<\/p>\n<p><label> Objet<br \/>\n<span class=\"wpcf7-form-control-wrap\" data-name=\"your-subject\"><input size=\"40\" maxlength=\"400\" class=\"wpcf7-form-control wpcf7-text wpcf7-validates-as-required\" aria-required=\"true\" aria-invalid=\"false\" value=\"\" type=\"text\" name=\"your-subject\" \/><\/span> <\/label>\n<\/p>\n<p><label> Votre message (facultatif)<br \/>\n<span class=\"wpcf7-form-control-wrap\" data-name=\"your-message\"><textarea cols=\"40\" rows=\"10\" maxlength=\"2000\" class=\"wpcf7-form-control wpcf7-textarea\" aria-invalid=\"false\" name=\"your-message\"><\/textarea><\/span> <\/label>\n<\/p>\n<p><input class=\"wpcf7-form-control wpcf7-submit has-spinner\" type=\"submit\" value=\"Envoyer\" \/>\n<\/p><div class=\"wpcf7-response-output\" aria-hidden=\"true\"><\/div>\n<\/form>\n<\/div>\n<\/div>\n<\/div><\/div>\n\n\n\n<div class=\"wp-block-media-text is-stacked-on-mobile has-background\" style=\"background-color:#f78da82e;grid-template-columns:53% auto\"><figure class=\"wp-block-media-text__media\"><img loading=\"lazy\" decoding=\"async\" width=\"1024\" height=\"683\" src=\"https:\/\/lucioles-aufildesoi.fr\/wp-content\/uploads\/2023\/10\/portrait-1024x683.jpg\" alt=\"\" class=\"wp-image-935 size-full\" srcset=\"https:\/\/lucioles-aufildesoi.fr\/wp-content\/uploads\/2023\/10\/portrait-1024x683.jpg 1024w, https:\/\/lucioles-aufildesoi.fr\/wp-content\/uploads\/2023\/10\/portrait-300x200.jpg 300w, https:\/\/lucioles-aufildesoi.fr\/wp-content\/uploads\/2023\/10\/portrait-768x512.jpg 768w, https:\/\/lucioles-aufildesoi.fr\/wp-content\/uploads\/2023\/10\/portrait-1536x1024.jpg 1536w, https:\/\/lucioles-aufildesoi.fr\/wp-content\/uploads\/2023\/10\/portrait-1170x780.jpg 1170w, https:\/\/lucioles-aufildesoi.fr\/wp-content\/uploads\/2023\/10\/portrait.jpg 1600w\" sizes=\"auto, (max-width: 1024px) 100vw, 1024px\" \/><\/figure><div class=\"wp-block-media-text__content\">\n<p class=\"has-text-align-center has-luminous-vivid-amber-color has-text-color has-link-color has-medium-font-size wp-elements-f2b501428242d0a370a5dc23992c722e\"><strong><em>Carole Chaussinand<\/em><\/strong><br>Th\u00e9rapeute psychocorporel<\/p>\n\n\n\n<p class=\"has-text-align-center has-vivid-green-cyan-color has-text-color has-link-color wp-elements-75ee86c89262da46fee49e5563b449ed\"><strong>Facilitatrice<br>\u00e9motionnel &amp; relationnel<\/strong><\/p>\n\n\n\n<ul class=\"wp-block-list\">\n<li>Accompagnement individuel<\/li>\n\n\n\n<li>Ateliers de groupe<\/li>\n\n\n\n<li>Ikiga\u00ef<\/li>\n\n\n\n<li>Arts\/drama-Th\u00e9rapies<\/li>\n\n\n\n<li>Perfectionnisme<\/li>\n\n\n\n<li>Confiance et etime de soi<\/li>\n\n\n\n<li>Psychocorporel<\/li>\n\n\n\n<li>D\u00e9pendances affectives<\/li>\n<\/ul>\n<\/div><\/div>\n\n\n\n<figure class=\"wp-block-image aligncenter size-full is-resized\"><img loading=\"lazy\" decoding=\"async\" width=\"1080\" height=\"1080\" src=\"https:\/\/lucioles-aufildesoi.fr\/wp-content\/uploads\/2022\/06\/CARRE-Cabinet-x3.jpg\" alt=\"\" class=\"wp-image-1786\" style=\"width:716px;height:auto\" srcset=\"https:\/\/lucioles-aufildesoi.fr\/wp-content\/uploads\/2022\/06\/CARRE-Cabinet-x3.jpg 1080w, https:\/\/lucioles-aufildesoi.fr\/wp-content\/uploads\/2022\/06\/CARRE-Cabinet-x3-300x300.jpg 300w, https:\/\/lucioles-aufildesoi.fr\/wp-content\/uploads\/2022\/06\/CARRE-Cabinet-x3-1024x1024.jpg 1024w, https:\/\/lucioles-aufildesoi.fr\/wp-content\/uploads\/2022\/06\/CARRE-Cabinet-x3-150x150.jpg 150w, https:\/\/lucioles-aufildesoi.fr\/wp-content\/uploads\/2022\/06\/CARRE-Cabinet-x3-768x768.jpg 768w\" sizes=\"auto, (max-width: 1080px) 100vw, 1080px\" \/><\/figure>\n","protected":false},"excerpt":{"rendered":"<p>Pour r\u00e9server une place et t&#8217;inscrire \u00e0 une conf\u00e9rence ou \u00e0 un atelier et poser toutes tes questions ! Parce que derri\u00e8re il y a une humaine ravie de vous [&hellip;]<\/p>\n","protected":false},"author":1,"featured_media":0,"parent":0,"menu_order":0,"comment_status":"closed","ping_status":"closed","template":"","meta":{"_EventAllDay":false,"_EventTimezone":"","_EventStartDate":"","_EventEndDate":"","_EventStartDateUTC":"","_EventEndDateUTC":"","_EventShowMap":false,"_EventShowMapLink":false,"_EventURL":"","_EventCost":"","_EventCostDescription":"","_EventCurrencySymbol":"","_EventCurrencyCode":"","_EventCurrencyPosition":"","_EventDateTimeSeparator":"","_EventTimeRangeSeparator":"","_EventOrganizerID":[],"_EventVenueID":[],"_OrganizerEmail":"","_OrganizerPhone":"","_OrganizerWebsite":"","_VenueAddress":"","_VenueCity":"","_VenueCountry":"","_VenueProvince":"","_VenueState":"","_VenueZip":"","_VenuePhone":"","_VenueURL":"","_VenueStateProvince":"","_VenueLat":"","_VenueLng":"","_VenueShowMap":false,"_VenueShowMapLink":false,"_glsr_average":0,"_glsr_ranking":0,"_glsr_reviews":0,"footnotes":""},"class_list":["post-958","page","type-page","status-publish","hentry"],"jetpack_sharing_enabled":true,"_links":{"self":[{"href":"https:\/\/lucioles-aufildesoi.fr\/index.php\/wp-json\/wp\/v2\/pages\/958","targetHints":{"allow":["GET"]}}],"collection":[{"href":"https:\/\/lucioles-aufildesoi.fr\/index.php\/wp-json\/wp\/v2\/pages"}],"about":[{"href":"https:\/\/lucioles-aufildesoi.fr\/index.php\/wp-json\/wp\/v2\/types\/page"}],"author":[{"embeddable":true,"href":"https:\/\/lucioles-aufildesoi.fr\/index.php\/wp-json\/wp\/v2\/users\/1"}],"replies":[{"embeddable":true,"href":"https:\/\/lucioles-aufildesoi.fr\/index.php\/wp-json\/wp\/v2\/comments?post=958"}],"version-history":[{"count":8,"href":"https:\/\/lucioles-aufildesoi.fr\/index.php\/wp-json\/wp\/v2\/pages\/958\/revisions"}],"predecessor-version":[{"id":1803,"href":"https:\/\/lucioles-aufildesoi.fr\/index.php\/wp-json\/wp\/v2\/pages\/958\/revisions\/1803"}],"wp:attachment":[{"href":"https:\/\/lucioles-aufildesoi.fr\/index.php\/wp-json\/wp\/v2\/media?parent=958"}],"curies":[{"name":"wp","href":"https:\/\/api.w.org\/{rel}","templated":true}]}}