{"id":87,"date":"2022-08-11T17:33:28","date_gmt":"2022-08-11T15:33:28","guid":{"rendered":"http:\/\/lucioles-aufildesoi.fr\/?page_id=87"},"modified":"2023-11-15T18:30:43","modified_gmt":"2023-11-15T17:30:43","slug":"demarche-outils","status":"publish","type":"page","link":"https:\/\/lucioles-aufildesoi.fr\/index.php\/demarche-outils\/","title":{"rendered":"D\u00e9marche &#038; outils"},"content":{"rendered":"\n<blockquote class=\"wp-block-quote has-text-color has-medium-font-size is-layout-flow wp-block-quote-is-layout-flow\" style=\"color:#15cc89\">\n<p>Le C\u0153ur de mon m\u00e9tier<\/p>\n<cite>accompagnante au bien-\u00eatre \u00e9motionnel &amp; relationnel<\/cite><\/blockquote>\n\n\n\n<p><em>Un chemin, au fil de soi, \u00e0 ton rythme.<br>Remettre de la lumi\u00e8re pour apaiser et harmoniser <\/em><br><em>sa relation \u00e0 soi et aux autres tout en prenant soin <\/em><br><em>de ses blessures \u00e9motionnelles.<\/em><\/p>\n\n\n\n<div class=\"wp-block-media-text alignwide is-stacked-on-mobile is-vertically-aligned-center\"><figure class=\"wp-block-media-text__media\"><img loading=\"lazy\" decoding=\"async\" width=\"1024\" height=\"601\" src=\"https:\/\/lucioles-aufildesoi.fr\/wp-content\/uploads\/2022\/07\/vamos-janos-1024x601.jpg\" alt=\"\" class=\"wp-image-88 size-full\" srcset=\"https:\/\/lucioles-aufildesoi.fr\/wp-content\/uploads\/2022\/07\/vamos-janos-1024x601.jpg 1024w, https:\/\/lucioles-aufildesoi.fr\/wp-content\/uploads\/2022\/07\/vamos-janos-300x176.jpg 300w, https:\/\/lucioles-aufildesoi.fr\/wp-content\/uploads\/2022\/07\/vamos-janos-768x451.jpg 768w, https:\/\/lucioles-aufildesoi.fr\/wp-content\/uploads\/2022\/07\/vamos-janos-1536x902.jpg 1536w, https:\/\/lucioles-aufildesoi.fr\/wp-content\/uploads\/2022\/07\/vamos-janos-1170x687.jpg 1170w, https:\/\/lucioles-aufildesoi.fr\/wp-content\/uploads\/2022\/07\/vamos-janos.jpg 2048w\" sizes=\"auto, (max-width: 1024px) 100vw, 1024px\" \/><\/figure><div class=\"wp-block-media-text__content\">\n<p><strong>\u2018\u2019J\u2019ai toujours aim\u00e9 le d\u00e9sert. On s\u2019assoit sur une dune de sable. On ne voit rien. On n\u2019entend rien. Et cependant quelque chose rayonne en silence\u2026\u2019\u2019<\/strong><\/p>\n\n\n\n<p class=\"has-text-align-right\">[Paulo Coelho &#8211; L&#8217;alchimiste]<\/p>\n<\/div><\/div>\n\n\n\n<blockquote class=\"wp-block-quote is-layout-flow wp-block-quote-is-layout-flow\">\n<p>Ma posture <\/p>\n<cite>Relation d&#8217;aide &#8211; \u00e9coute active en th\u00e9rapie &#8220;br\u00e8ve&#8221;<\/cite><\/blockquote>\n\n\n\n<p style=\"font-size:17px\">Accompagnante en relation d&#8217;aide, c&#8217;est, disons, comme de se tenir \u00e0 mi-chemin entre psychoth\u00e9rapeute et coach. Pourquoi ?<\/p>\n\n\n\n<ul class=\"wp-block-list\" style=\"font-size:17px\">\n<li>Parce que <strong>j&#8217;offre mon \u00e9coute active<\/strong>,<strong> ma pr\u00e9sence<\/strong> et <strong>mes comp\u00e9tences<\/strong> pour accompagner \u00e0 l&#8217;apaisement des traumatismes \u00e9motionnels, apprivoiser les \u00e9motions, les peurs et transformer les croyances limitantes.<\/li>\n\n\n\n<li>Que je t&#8217;accompagne aussi  \u00e0 <strong>atteindre les objectifs et r\u00eaves&nbsp;<\/strong> perso \/ pro que tu auras identifi\u00e9s et choisis, \u00e0 ton rythme (mais aussi \u00e0 mettre de la lumi\u00e8re s\u00fbr ce qui, jusqu&#8217;ici, t&#8217;a limit\u00e9).<\/li>\n\n\n\n<li><em><strong>Et qu&#8217;avant tout<\/strong> <\/em>je t&#8217;accueille l\u00e0 o\u00f9 tu en es et t&#8217;invite \u00e0 <strong>t&#8217;aimer et t&#8217;accepter<\/strong> tel\u00b7le que tu es aujourd&#8217;hui, un pas d&#8217;amour apr\u00e8s l&#8217;autre. Car pas de grandes transformations sans acceptation et l\u00e2cher-prise.<\/li>\n\n\n\n<li>Th\u00e9rapie dite &#8220;br\u00e8ve&#8221; car je ne d\u00e9sire pas vous rendre d\u00e9pendant\u00b7e de nos s\u00e9ances mais au contraire qu&#8217;elles vous rapprochent au plus vite &#8211;<em>rythme qui sera le votre<\/em>&#8211; de la prise en mains <strong>&#8220;d&#8217;outils&#8221; \u00e0 vous approprier<\/strong> pour vous <strong>sentir autonome et davantage confiant\u00b7e au quotidien<\/strong> dans le prendre soin de vous. <\/li>\n<\/ul>\n\n\n\n<div class=\"wp-block-media-text alignwide has-media-on-the-right is-stacked-on-mobile\" style=\"grid-template-columns:auto 49%\"><div class=\"wp-block-media-text__content\">\n<p><strong>&#8221; Personne ne peut fuir son c\u0153ur, c&#8217;est pourquoi il vaut mieux \u00e9couter ce qu&#8217;il dit&#8230; Le monde lui n&#8217;est ni triste ni gai, il est l\u00e0 c&#8217;est tout, Ce n&#8217;est pas le Monde qui me troublait mais l&#8217;id\u00e9e que je m&#8217;en faisais&#8221;<\/strong><\/p>\n\n\n\n<p class=\"has-text-align-right\">[Paulo Coelho &#8211; L&#8217;alchimiste]<\/p>\n<\/div><figure class=\"wp-block-media-text__media\"><img loading=\"lazy\" decoding=\"async\" width=\"1024\" height=\"590\" src=\"https:\/\/lucioles-aufildesoi.fr\/wp-content\/uploads\/2022\/07\/v1-1024x590.jpg\" alt=\"\" class=\"wp-image-93 size-full\" srcset=\"https:\/\/lucioles-aufildesoi.fr\/wp-content\/uploads\/2022\/07\/v1-1024x590.jpg 1024w, https:\/\/lucioles-aufildesoi.fr\/wp-content\/uploads\/2022\/07\/v1-300x173.jpg 300w, https:\/\/lucioles-aufildesoi.fr\/wp-content\/uploads\/2022\/07\/v1-768x443.jpg 768w, https:\/\/lucioles-aufildesoi.fr\/wp-content\/uploads\/2022\/07\/v1-1536x885.jpg 1536w, https:\/\/lucioles-aufildesoi.fr\/wp-content\/uploads\/2022\/07\/v1-1170x674.jpg 1170w, https:\/\/lucioles-aufildesoi.fr\/wp-content\/uploads\/2022\/07\/v1.jpg 2048w\" sizes=\"auto, (max-width: 1024px) 100vw, 1024px\" \/><\/figure><\/div>\n\n\n\n<p class=\"has-text-align-left has-vivid-green-cyan-color has-text-color\" style=\"font-size:0.95rem\"><em>Assez de vouloir performer, toujours plus&#8230; Assez de demeurer dans le contr\u00f4le de soi, m\u00eame pour de louables causes comme une communication plus positive, une meilleure ma\u00eetrise de soi et une z\u00e9nitude \u00e0 toute \u00e9preuve &#8230; SOYEZ D&#8217;ABORD VOUS M\u00caME !! Humain\u00b7e, parfois imparfait\u00b7e. <\/em><br>T<em>u es l\u00e0, \u00e0 me lire, \u00e0 te demander \/ h\u00e9siter peut-\u00eatre ? \u00e0 t&#8217;engager sur un chemin pour \u00eatre heureux\u00b7se, pour apaiser tes relations, apprivoiser tes \u00e9motions et bien d&#8217;autres raisons courageuses et engag\u00e9es ! <\/em><br>E<em>t pour cela, BRAVO ! tu fais d\u00e9j\u00e0 de ton mieux, n&#8217;est-ce pas ?<\/em><\/p>\n\n\n\n<p><\/p>\n\n\n\n<div class=\"wp-block-group is-vertical is-layout-flex wp-container-core-group-is-layout-fe9cc265 wp-block-group-is-layout-flex\">\n<div class=\"wp-block-columns is-layout-flex wp-container-core-columns-is-layout-28f84493 wp-block-columns-is-layout-flex\">\n<div class=\"wp-block-column is-layout-flow wp-block-column-is-layout-flow\" style=\"flex-basis:100%\">\n<div class=\"wp-block-group is-vertical is-layout-flex wp-container-core-group-is-layout-fe9cc265 wp-block-group-is-layout-flex\">\n<blockquote class=\"wp-block-quote is-layout-flow wp-block-quote-is-layout-flow\">\n<p>Approche globale de l&#8217; \u00catre<\/p>\n<cite>Je tiens compte de la personne et de son humanit\u00e9 dans sa globalit\u00e9 et complexit\u00e9 : physiquement, moralement, mentalement et \u00e9motionnellement.<\/cite><\/blockquote>\n\n\n\n<p class=\"has-luminous-vivid-amber-color has-text-color\"><strong>Ce que je te propose ?<\/strong><\/p>\n\n\n\n<p class=\"has-text-align-left\" style=\"font-size:17px\"><strong>&#8211; Conscience &#8211;<\/strong> Un chemin vers une meilleure connaissance et compr\u00e9hension de soi, de nos m\u00e9canismes et r\u00e9actions li\u00e9es \u00e0 nos blessures \u00e9motionnelles.<br><strong>&#8211; Accueil &#8211;<\/strong> Un chemin pour mieux s&#8217;observer et s&#8217;accepter tel\u00b7le que nous sommes et red\u00e9couvrir comment s&#8217;aimer v\u00e9ritablement, ainsi que les autres. vers davantage de l\u00e2cher-prise.<br><strong>&#8211; Transformation &#8211;<\/strong> Un chemin pour transformer ce que tu d\u00e9cides de transformer dans ton rapport \u00e0 toi, aux autres, \u00e0 ton quotidien pour apaiser le sentiment de subir et faire grandir la sensation d&#8217;\u00eatre pleinement acteur\/actrice de ta propre vie.<\/p>\n<\/div>\n<\/div>\n<\/div>\n<\/div>\n\n\n\n<figure class=\"wp-block-image aligncenter size-large is-resized\"><img loading=\"lazy\" decoding=\"async\" width=\"768\" height=\"1024\" src=\"https:\/\/lucioles-aufildesoi.fr\/wp-content\/uploads\/2022\/07\/IMG-20220619-WA0003-768x1024.jpg\" alt=\"\" class=\"wp-image-124\" style=\"width:296px;height:395px\" srcset=\"https:\/\/lucioles-aufildesoi.fr\/wp-content\/uploads\/2022\/07\/IMG-20220619-WA0003-768x1024.jpg 768w, https:\/\/lucioles-aufildesoi.fr\/wp-content\/uploads\/2022\/07\/IMG-20220619-WA0003-225x300.jpg 225w, https:\/\/lucioles-aufildesoi.fr\/wp-content\/uploads\/2022\/07\/IMG-20220619-WA0003-1152x1536.jpg 1152w, https:\/\/lucioles-aufildesoi.fr\/wp-content\/uploads\/2022\/07\/IMG-20220619-WA0003-1170x1560.jpg 1170w, https:\/\/lucioles-aufildesoi.fr\/wp-content\/uploads\/2022\/07\/IMG-20220619-WA0003.jpg 1536w\" sizes=\"auto, (max-width: 768px) 100vw, 768px\" \/><\/figure>\n\n\n\n<p><\/p>\n\n\n\n<div class=\"wp-block-cover is-light\" style=\"min-height:122px;aspect-ratio:unset;\"><span aria-hidden=\"true\" class=\"wp-block-cover__background has-background-background-color has-background-dim-100 has-background-dim\"><\/span><div class=\"wp-block-cover__inner-container is-layout-flow wp-block-cover-is-layout-flow\">\n<p class=\"has-text-align-center has-small-font-size\"><\/p>\n<\/div><\/div>\n\n\n\n<blockquote class=\"wp-block-quote is-layout-flow wp-block-quote-is-layout-flow\">\n<p>Mes outils &amp; pratiques<\/p>\n<cite>La puissance des mots prononc\u00e9s &#8211; La nature &#8211; Les arts &#8211; La relaxation<\/cite><\/blockquote>\n\n\n\n<p><em>&#8220;Utiliser le monde autour de nous&#8230; nos sens, la nature, les arts, etc&#8230; Pour prendre soin de ce qui est \u00e0 l\u2019int\u00e9rieur &lt;3&#8221;<\/em><\/p>\n\n\n\n<div class=\"wp-block-media-text alignwide is-stacked-on-mobile\"><figure class=\"wp-block-media-text__media\"><img loading=\"lazy\" decoding=\"async\" width=\"1024\" height=\"481\" src=\"https:\/\/lucioles-aufildesoi.fr\/wp-content\/uploads\/2022\/07\/ecoute-NB-1024x481.jpg\" alt=\"\" class=\"wp-image-97 size-full\" srcset=\"https:\/\/lucioles-aufildesoi.fr\/wp-content\/uploads\/2022\/07\/ecoute-NB-1024x481.jpg 1024w, https:\/\/lucioles-aufildesoi.fr\/wp-content\/uploads\/2022\/07\/ecoute-NB-300x141.jpg 300w, https:\/\/lucioles-aufildesoi.fr\/wp-content\/uploads\/2022\/07\/ecoute-NB-768x361.jpg 768w, https:\/\/lucioles-aufildesoi.fr\/wp-content\/uploads\/2022\/07\/ecoute-NB-1536x722.jpg 1536w, https:\/\/lucioles-aufildesoi.fr\/wp-content\/uploads\/2022\/07\/ecoute-NB-2048x962.jpg 2048w, https:\/\/lucioles-aufildesoi.fr\/wp-content\/uploads\/2022\/07\/ecoute-NB-1170x550.jpg 1170w\" sizes=\"auto, (max-width: 1024px) 100vw, 1024px\" \/><\/figure><div class=\"wp-block-media-text__content\">\n<p style=\"font-size:25px\"><strong>L&#8217;\u00e9coute active<\/strong><\/p>\n\n\n\n<p style=\"font-size:16.5px\">Un espace pour te d\u00e9poser sereinement et explorer ensemble, une situation \u00e0 la fois. Poser des mots sur les maux que tu traverses. \u00c0 travers l&#8217;expression de tes \u00e9motions, un retour vers ton senti afin de cerner rapidement le probl\u00e8me v\u00e9ritable et les chemins d&#8217;apaisement et de transformations possibles. L&#8217;occasion de porter un autre regard sur toi et sur ce que tu vis.<\/p>\n\n\n\n<p class=\"has-text-align-right has-light-green-cyan-color has-text-color\" style=\"font-size:15px\"><em>Parties mentale et \u00e9motionnelle<\/em><\/p>\n<\/div><\/div>\n\n\n\n<div class=\"wp-block-media-text alignwide is-stacked-on-mobile has-foreground-color has-text-color\"><figure class=\"wp-block-media-text__media\"><img loading=\"lazy\" decoding=\"async\" width=\"1024\" height=\"753\" src=\"https:\/\/lucioles-aufildesoi.fr\/wp-content\/uploads\/2022\/08\/chemin-bugey-1024x753.jpg\" alt=\"\" class=\"wp-image-365 size-full\" srcset=\"https:\/\/lucioles-aufildesoi.fr\/wp-content\/uploads\/2022\/08\/chemin-bugey-1024x753.jpg 1024w, https:\/\/lucioles-aufildesoi.fr\/wp-content\/uploads\/2022\/08\/chemin-bugey-300x221.jpg 300w, https:\/\/lucioles-aufildesoi.fr\/wp-content\/uploads\/2022\/08\/chemin-bugey-768x565.jpg 768w, https:\/\/lucioles-aufildesoi.fr\/wp-content\/uploads\/2022\/08\/chemin-bugey-1170x861.jpg 1170w, https:\/\/lucioles-aufildesoi.fr\/wp-content\/uploads\/2022\/08\/chemin-bugey.jpg 1200w\" sizes=\"auto, (max-width: 1024px) 100vw, 1024px\" \/><\/figure><div class=\"wp-block-media-text__content\">\n<p style=\"font-size:25px\"><strong>La nature<\/strong><\/p>\n\n\n\n<p style=\"font-size:15.5px\">Elle nous berce, nous oxyg\u00e8ne et nous ressource. S&#8217;y mettre en mouvement ou s\u2019asseoir devant un beau paysage nous porte pour traverser la vie. Sentir l&#8217;odeur de la ros\u00e9e du matin \u00e0 l&#8217;or\u00e9e du bois, la sensation du vent sur notre visage faire envoler nos inqui\u00e9tudes, le bruit des feuilles et le chant des grillons, la terre sous nos pieds qui absorbe notre poids, nos d\u00e9placements&#8230;<br>Ralentir un instant et savourer le moment pr\u00e9sent sans chercher \u00e0 contr\u00f4ler ce qui m&#8217;entoure.<br><strong>Ateliers balades reconnexion \u00e0 son senti et consultation de suivie <strong>en pleine nature<\/strong><\/strong>.<br>\u00a9 Photo J\u00e9r\u00f4me Pruniaux<\/p>\n\n\n\n<p class=\"has-text-align-right has-light-green-cyan-color has-text-color\" style=\"font-size:15px\"><em>Parties physique et \u00e9motionnelle<\/em><\/p>\n<\/div><\/div>\n\n\n\n<div class=\"wp-block-media-text alignwide is-stacked-on-mobile\"><figure class=\"wp-block-media-text__media\"><img loading=\"lazy\" decoding=\"async\" width=\"1024\" height=\"683\" src=\"https:\/\/lucioles-aufildesoi.fr\/wp-content\/uploads\/2022\/07\/BalalaLune_hd_101-1024x683.jpg\" alt=\"\" class=\"wp-image-99 size-full\" srcset=\"https:\/\/lucioles-aufildesoi.fr\/wp-content\/uploads\/2022\/07\/BalalaLune_hd_101-1024x683.jpg 1024w, https:\/\/lucioles-aufildesoi.fr\/wp-content\/uploads\/2022\/07\/BalalaLune_hd_101-300x200.jpg 300w, https:\/\/lucioles-aufildesoi.fr\/wp-content\/uploads\/2022\/07\/BalalaLune_hd_101-768x512.jpg 768w, https:\/\/lucioles-aufildesoi.fr\/wp-content\/uploads\/2022\/07\/BalalaLune_hd_101-1536x1024.jpg 1536w, https:\/\/lucioles-aufildesoi.fr\/wp-content\/uploads\/2022\/07\/BalalaLune_hd_101-2048x1365.jpg 2048w, https:\/\/lucioles-aufildesoi.fr\/wp-content\/uploads\/2022\/07\/BalalaLune_hd_101-1170x780.jpg 1170w\" sizes=\"auto, (max-width: 1024px) 100vw, 1024px\" \/><\/figure><div class=\"wp-block-media-text__content\">\n<p style=\"font-size:25px\"><strong>Les arts<\/strong><\/p>\n\n\n\n<p style=\"font-size:16.5px\">Dessin, peinture, \u00e9criture, danses, poterie, clown, th\u00e9\u00e2tre&#8230; l&#8217;expression de soi et de ce que l&#8217;on vit \u00e0 l\u2019int\u00e9rieur, remis dans le corps via la cr\u00e9ativit\u00e9, le mouvement, les jeux de r\u00f4le&#8230; Pour pouvoir l&#8217;exprimer, le traverser, le transformer.<br><strong>Autant de supports dont je me sers r\u00e9guli\u00e8rement en atelier\/  stage, mais aussi en accompagnement individuel.<\/strong><\/p>\n\n\n\n<p class=\"has-text-align-right has-light-green-cyan-color has-text-color\" style=\"font-size:15px\"><em>Parties physique et \u00e9motionnelle<\/em><\/p>\n<\/div><\/div>\n\n\n\n<div class=\"wp-block-media-text alignwide is-stacked-on-mobile\"><figure class=\"wp-block-media-text__media\"><img loading=\"lazy\" decoding=\"async\" width=\"1024\" height=\"560\" src=\"https:\/\/lucioles-aufildesoi.fr\/wp-content\/uploads\/2022\/07\/IMG-20210627-WA0000-1-1024x560.jpg\" alt=\"\" class=\"wp-image-103 size-full\" srcset=\"https:\/\/lucioles-aufildesoi.fr\/wp-content\/uploads\/2022\/07\/IMG-20210627-WA0000-1-1024x560.jpg 1024w, https:\/\/lucioles-aufildesoi.fr\/wp-content\/uploads\/2022\/07\/IMG-20210627-WA0000-1-300x164.jpg 300w, https:\/\/lucioles-aufildesoi.fr\/wp-content\/uploads\/2022\/07\/IMG-20210627-WA0000-1-768x420.jpg 768w, https:\/\/lucioles-aufildesoi.fr\/wp-content\/uploads\/2022\/07\/IMG-20210627-WA0000-1-1170x640.jpg 1170w, https:\/\/lucioles-aufildesoi.fr\/wp-content\/uploads\/2022\/07\/IMG-20210627-WA0000-1.jpg 1469w\" sizes=\"auto, (max-width: 1024px) 100vw, 1024px\" \/><\/figure><div class=\"wp-block-media-text__content\">\n<p style=\"font-size:25px\"><strong>La relaxation<\/strong><\/p>\n\n\n\n<p style=\"font-size:16.5px\">Reprendre contact profond\u00e9ment avec toi, ton int\u00e9riorit\u00e9, ton inconscient, ta partie intuitive. Pour lib\u00e9rer un stress,  d\u00e9-cristalliser une \u00e9motion, apaiser et accompagner un blocage physique ou un traumatisme, re-programmer une croyance limitante.<br>Laisser se reposer notre mental un instant et s&#8217;observer, sans grand jugement ou envie de tout changer. Constater ce qui est l\u00e0, pr\u00e9sent et vivant \u00e0 l&#8217;instant T. L\u00e2cher-prise&#8230;.<br><strong>M\u00e9ditation guid\u00e9e, relaxation, technique de l\u00e2cher-prise, de dialogue int\u00e9rieur, lecture intuitive&#8230;. Il est parfois l&#8217;heure de ne plus chercher \u00e0 comprendre pour laisser place \u00e0 sentir<\/strong>.<\/p>\n\n\n\n<p class=\"has-text-align-right has-light-green-cyan-color has-text-color\" style=\"font-size:15px\">Parties \u00e9motionnelle et spirituelle<\/p>\n<\/div><\/div>\n\n\n\n<figure class=\"wp-block-pullquote\" style=\"font-size:15px\"><blockquote><p>&#8220;On peut \u00e0 chaque instant choisir de continuer comme avant ou d\u00e9cider de faire autrement. C&#8217;est cette conscience qui nous donne toute la libert\u00e9 de faire et d&#8217;\u00eatre qui l&#8217;on veut.&#8221;<\/p><cite>sagesse tib\u00e9taine<\/cite><\/blockquote><\/figure>\n\n\n\n<blockquote class=\"wp-block-quote is-layout-flow wp-block-quote-is-layout-flow\">\n<p>A qui je m&#8217;adresse ?<\/p>\n<cite>Adultes &#8211; adolescent\u00b7e\u00b7s &#8211; collectifs<\/cite><\/blockquote>\n\n\n\n<p class=\"has-light-green-cyan-color has-text-color\">[&#8230; En cours d&#8217;\u00e9criture&#8230;]<\/p>\n\n\n\n<hr class=\"wp-block-separator has-alpha-channel-opacity\"\/>\n\n\n\n<p class=\"has-text-align-center has-background has-small-font-size\" style=\"background-color:#fcb90082\"><strong> &#8221; Est-ce le bon moment et la bonne personne pour prendre soin de moi dans ce que je vis ? &#8220;<\/strong><br><br><em>Tu h\u00e9sites ? te questionnes ?<br>Je t&#8217;offre de quoi cheminer de ton c\u00f4t\u00e9, pour te d\u00e9poser, faire le point. <br>C&#8217;est sans engagement, gratuit et \u00e7a te prendras entre 5 et 10 min <\/em><br><strong>(*)<\/strong> \ud835\udc5d\ud835\udc52\ud835\udc61\ud835\udc56\ud835\udc61 \ud835\udc50\ud835\udc4e\ud835\udc51\ud835\udc52\ud835\udc4e\ud835\udc62 \ud835\udc4e\u0300 \ud835\udc59\ud835\udc4e \ud835\udc53\ud835\udc56\ud835\udc5b \ud835\udc51\ud835\udc52 \ud835\udc50\ud835\udc52 &#8220;\ud835\udc5e\ud835\udc62\ud835\udc52\ud835\udc60\ud835\udc61\ud835\udc56\ud835\udc5c\ud835\udc5b\ud835\udc5b\ud835\udc4e\ud835\udc56\ud835\udc5f\ud835\udc52 \ud835\udc63\ud835\udc5c\ud835\udc66\ud835\udc4e\ud835\udc54\ud835\udc52&#8221;<\/p>\n\n\n\n<div class=\"wp-block-buttons is-content-justification-center is-layout-flex wp-container-core-buttons-is-layout-a89b3969 wp-block-buttons-is-layout-flex\">\n<div class=\"wp-block-button\"><a class=\"wp-block-button__link has-background-color has-luminous-vivid-amber-background-color has-text-color has-background has-link-color wp-element-button\" href=\"https:\/\/docs.google.com\/forms\/d\/1PeS_iEGK6UHQjYqYYop2pKp0id3JH4WPJTRzNPTeTrI\/edit\">Je fais le test gratuit<\/a><\/div>\n<\/div>\n","protected":false},"excerpt":{"rendered":"<p>Le C\u0153ur de mon m\u00e9tier accompagnante au bien-\u00eatre \u00e9motionnel &amp; relationnel Un chemin, au fil de soi, \u00e0 ton rythme.Remettre de la lumi\u00e8re pour apaiser et harmoniser sa relation \u00e0 [&hellip;]<\/p>\n","protected":false},"author":1,"featured_media":0,"parent":0,"menu_order":0,"comment_status":"closed","ping_status":"closed","template":"","meta":{"_EventAllDay":false,"_EventTimezone":"","_EventStartDate":"","_EventEndDate":"","_EventStartDateUTC":"","_EventEndDateUTC":"","_EventShowMap":false,"_EventShowMapLink":false,"_EventURL":"","_EventCost":"","_EventCostDescription":"","_EventCurrencySymbol":"","_EventCurrencyCode":"","_EventCurrencyPosition":"","_EventDateTimeSeparator":"","_EventTimeRangeSeparator":"","_EventOrganizerID":[],"_EventVenueID":[],"_OrganizerEmail":"","_OrganizerPhone":"","_OrganizerWebsite":"","_VenueAddress":"","_VenueCity":"","_VenueCountry":"","_VenueProvince":"","_VenueState":"","_VenueZip":"","_VenuePhone":"","_VenueURL":"","_VenueStateProvince":"","_VenueLat":"","_VenueLng":"","_VenueShowMap":false,"_VenueShowMapLink":false,"_glsr_average":0,"_glsr_ranking":0,"_glsr_reviews":0,"footnotes":""},"class_list":["post-87","page","type-page","status-publish","hentry"],"jetpack_sharing_enabled":true,"_links":{"self":[{"href":"https:\/\/lucioles-aufildesoi.fr\/index.php\/wp-json\/wp\/v2\/pages\/87","targetHints":{"allow":["GET"]}}],"collection":[{"href":"https:\/\/lucioles-aufildesoi.fr\/index.php\/wp-json\/wp\/v2\/pages"}],"about":[{"href":"https:\/\/lucioles-aufildesoi.fr\/index.php\/wp-json\/wp\/v2\/types\/page"}],"author":[{"embeddable":true,"href":"https:\/\/lucioles-aufildesoi.fr\/index.php\/wp-json\/wp\/v2\/users\/1"}],"replies":[{"embeddable":true,"href":"https:\/\/lucioles-aufildesoi.fr\/index.php\/wp-json\/wp\/v2\/comments?post=87"}],"version-history":[{"count":41,"href":"https:\/\/lucioles-aufildesoi.fr\/index.php\/wp-json\/wp\/v2\/pages\/87\/revisions"}],"predecessor-version":[{"id":998,"href":"https:\/\/lucioles-aufildesoi.fr\/index.php\/wp-json\/wp\/v2\/pages\/87\/revisions\/998"}],"wp:attachment":[{"href":"https:\/\/lucioles-aufildesoi.fr\/index.php\/wp-json\/wp\/v2\/media?parent=87"}],"curies":[{"name":"wp","href":"https:\/\/api.w.org\/{rel}","templated":true}]}}