{"id":860,"date":"2023-10-26T16:47:09","date_gmt":"2023-10-26T14:47:09","guid":{"rendered":"https:\/\/lucioles-aufildesoi.fr\/?page_id=860"},"modified":"2024-09-15T16:43:36","modified_gmt":"2024-09-15T14:43:36","slug":"liberer-linstant-present-danse","status":"publish","type":"page","link":"https:\/\/lucioles-aufildesoi.fr\/index.php\/liberer-linstant-present-danse\/","title":{"rendered":"Danse pour tous !"},"content":{"rendered":"\n<p class=\"has-text-align-center has-large-font-size\"><\/p>\n\n\n\n<div class=\"wp-block-cover alignfull is-light\"><span aria-hidden=\"true\" class=\"wp-block-cover__background has-background-dim-100 has-background-dim\" style=\"background-color:#e9be91\"><\/span><div class=\"wp-block-cover__inner-container is-layout-constrained wp-block-cover-is-layout-constrained\">\n<div class=\"wp-block-media-text alignwide is-stacked-on-mobile\" style=\"grid-template-columns:37% auto\"><figure class=\"wp-block-media-text__media\"><img loading=\"lazy\" decoding=\"async\" width=\"1024\" height=\"683\" src=\"https:\/\/lucioles-aufildesoi.fr\/wp-content\/uploads\/2024\/09\/DSC_9772-1024x683.jpg\" alt=\"\" class=\"wp-image-1740 size-full\" srcset=\"https:\/\/lucioles-aufildesoi.fr\/wp-content\/uploads\/2024\/09\/DSC_9772-1024x683.jpg 1024w, https:\/\/lucioles-aufildesoi.fr\/wp-content\/uploads\/2024\/09\/DSC_9772-300x200.jpg 300w, https:\/\/lucioles-aufildesoi.fr\/wp-content\/uploads\/2024\/09\/DSC_9772-768x512.jpg 768w, https:\/\/lucioles-aufildesoi.fr\/wp-content\/uploads\/2024\/09\/DSC_9772-1536x1024.jpg 1536w, https:\/\/lucioles-aufildesoi.fr\/wp-content\/uploads\/2024\/09\/DSC_9772-2048x1365.jpg 2048w, https:\/\/lucioles-aufildesoi.fr\/wp-content\/uploads\/2024\/09\/DSC_9772-1170x780.jpg 1170w\" sizes=\"auto, (max-width: 1024px) 100vw, 1024px\" \/><\/figure><div class=\"wp-block-media-text__content\">\n<blockquote class=\"wp-block-quote is-layout-flow wp-block-quote-is-layout-flow\">\n<p>Les deux pieds sur le parquet, le c\u0153ur ouvert, le corps en mouvement. <\/p>\n\n\n\n<p class=\"has-small-font-size\">Libert\u00e9 sensorielle pour descendre de nos t\u00eates pensantes !<\/p>\n<\/blockquote>\n<\/div><\/div>\n\n\n\n<h2 class=\"wp-block-heading alignwide has-text-align-center has-background\" style=\"background-color:#f8e3cd\">Atelier pour qui ? pour quoi ?<\/h2>\n\n\n\n<div class=\"wp-block-media-text alignfull has-media-on-the-right is-stacked-on-mobile has-background\" style=\"background-color:#e9be91;grid-template-columns:auto 34%\"><div class=\"wp-block-media-text__content\">\n<p class=\"has-text-align-center has-foreground-color has-text-color has-link-color has-normal-font-size wp-elements-5e1b6b17e6ab8f43e4d1b9e7c8d45aee\"><strong>Pour toutes et tous !<\/strong><br><em>Aucun pr\u00e9requis en danse ou autre n&#8217;est n\u00e9cessaire.<br><br><\/em>Seulement la curiosit\u00e9,<br>l&#8217;envie de trouver un espace pour se d\u00e9poser,<br>de lib\u00e9rer les \u00e9motions qui nous agitent parfois,<br>dans un cadre chaleureux d&#8217;\u00e9coute et de partage,<br>mais surtout de mouvements&#8230;<em><br><br>Je vous accompagne en douceur,<br>pour descendre progressivement de nos t\u00eates pensantes,<br>Vers nos corps savants et vivants.<\/em><\/p>\n<\/div><figure class=\"wp-block-media-text__media\"><video controls src=\"https:\/\/lucioles-aufildesoi.fr\/wp-content\/uploads\/2024\/09\/Final-video-danse-pour-tous.mp4\"><\/video><\/figure><\/div>\n\n\n\n<h2 class=\"wp-block-heading alignwide has-text-align-center has-background\" style=\"background-color:#f8e3cd\">Comment ? o\u00f9 &amp; Quand ?<\/h2>\n\n\n\n<p class=\"has-text-align-center\">La danse est souvent un ingr\u00e9dient pr\u00e9sent, par touche, <br>dans mes ateliers r\u00e9guliers de l&#8217;ann\u00e9e.<\/p>\n\n\n\n<figure class=\"wp-block-gallery alignwide has-nested-images columns-default is-cropped wp-block-gallery-1 is-layout-flex wp-block-gallery-is-layout-flex\">\n<figure class=\"wp-block-image size-large\"><a href=\"https:\/\/lucioles-aufildesoi.fr\/index.php\/liberer-linstant-present-psychocorporel-creatif\/\"><img loading=\"lazy\" decoding=\"async\" width=\"1080\" height=\"1080\" data-id=\"1748\" src=\"https:\/\/lucioles-aufildesoi.fr\/wp-content\/uploads\/2024\/09\/4-1024x1024.jpg\" alt=\"\" class=\"wp-image-1748\" srcset=\"https:\/\/lucioles-aufildesoi.fr\/wp-content\/uploads\/2024\/09\/4-1024x1024.jpg 1024w, https:\/\/lucioles-aufildesoi.fr\/wp-content\/uploads\/2024\/09\/4-300x300.jpg 300w, https:\/\/lucioles-aufildesoi.fr\/wp-content\/uploads\/2024\/09\/4-150x150.jpg 150w, https:\/\/lucioles-aufildesoi.fr\/wp-content\/uploads\/2024\/09\/4-768x768.jpg 768w, https:\/\/lucioles-aufildesoi.fr\/wp-content\/uploads\/2024\/09\/4.jpg 1080w\" sizes=\"auto, (max-width: 1080px) 100vw, 1080px\" \/><\/a><\/figure>\n\n\n\n<figure class=\"wp-block-image size-large\"><a href=\"https:\/\/lucioles-aufildesoi.fr\/index.php\/ateliers-s-time-toi\/\"><img loading=\"lazy\" decoding=\"async\" width=\"1024\" height=\"1024\" data-id=\"1749\" src=\"https:\/\/lucioles-aufildesoi.fr\/wp-content\/uploads\/2024\/09\/Estime-culoz-Bourget-1024x1024.jpg\" alt=\"\" class=\"wp-image-1749\" srcset=\"https:\/\/lucioles-aufildesoi.fr\/wp-content\/uploads\/2024\/09\/Estime-culoz-Bourget-1024x1024.jpg 1024w, https:\/\/lucioles-aufildesoi.fr\/wp-content\/uploads\/2024\/09\/Estime-culoz-Bourget-300x300.jpg 300w, https:\/\/lucioles-aufildesoi.fr\/wp-content\/uploads\/2024\/09\/Estime-culoz-Bourget-150x150.jpg 150w, https:\/\/lucioles-aufildesoi.fr\/wp-content\/uploads\/2024\/09\/Estime-culoz-Bourget-768x768.jpg 768w, https:\/\/lucioles-aufildesoi.fr\/wp-content\/uploads\/2024\/09\/Estime-culoz-Bourget.jpg 1080w\" sizes=\"auto, (max-width: 1024px) 100vw, 1024px\" \/><\/a><\/figure>\n<\/figure>\n\n\n\n<div class=\"wp-block-buttons is-content-justification-center is-layout-flex wp-container-core-buttons-is-layout-a89b3969 wp-block-buttons-is-layout-flex\">\n<div class=\"wp-block-button has-custom-font-size has-small-font-size\"><a class=\"wp-block-button__link has-background-color has-text-color has-background has-link-color wp-element-button\" href=\"https:\/\/lucioles-aufildesoi.fr\/index.php\/liberer-linstant-present-psychocorporel-creatif\/\" style=\"border-radius:28px;background-color:#0b9a9f\">Ateliers &#8211; Lib\u00e9rer l&#8217;instant pr\u00e9sent<\/a><\/div>\n\n\n\n<div class=\"wp-block-button has-custom-font-size has-small-font-size\"><a class=\"wp-block-button__link has-background-color has-vivid-red-background-color has-text-color has-background has-link-color wp-element-button\" href=\"https:\/\/lucioles-aufildesoi.fr\/index.php\/ateliers-s-time-toi\/\" style=\"border-radius:28px\">Ateliers &#8211; Estime toi !<\/a><\/div>\n<\/div>\n<\/div><\/div>\n\n\n\n<p class=\"has-text-align-center has-large-font-size\"><\/p>\n\n\n\n<div class=\"wp-block-cover alignfull is-light\"><span aria-hidden=\"true\" class=\"wp-block-cover__background has-background-background-color has-background-dim-100 has-background-dim\"><\/span><div class=\"wp-block-cover__inner-container is-layout-constrained wp-block-cover-is-layout-constrained\">\n<h2 class=\"wp-block-heading alignfull\"><mark style=\"background-color:#f6e1e1\" class=\"has-inline-color\">      Format atelier\/stage      <\/mark><\/h2>\n\n\n\n<p>Lors de festivals, pour associations de danses, autres structures |\u00e9v\u00e8nements ponctuels.<\/p>\n\n\n\n<div class=\"wp-block-media-text alignfull is-stacked-on-mobile has-background\" style=\"background-color:#faf2f2;margin-top:0;margin-bottom:0;grid-template-columns:44% auto\"><figure class=\"wp-block-media-text__media\"><img loading=\"lazy\" decoding=\"async\" width=\"1024\" height=\"724\" src=\"https:\/\/lucioles-aufildesoi.fr\/wp-content\/uploads\/2023\/10\/danser-sa-vie-liberer-linstant-present-1024x724.png\" alt=\"\" class=\"wp-image-870 size-full\" srcset=\"https:\/\/lucioles-aufildesoi.fr\/wp-content\/uploads\/2023\/10\/danser-sa-vie-liberer-linstant-present-1024x724.png 1024w, https:\/\/lucioles-aufildesoi.fr\/wp-content\/uploads\/2023\/10\/danser-sa-vie-liberer-linstant-present-300x212.png 300w, https:\/\/lucioles-aufildesoi.fr\/wp-content\/uploads\/2023\/10\/danser-sa-vie-liberer-linstant-present-768x543.png 768w, https:\/\/lucioles-aufildesoi.fr\/wp-content\/uploads\/2023\/10\/danser-sa-vie-liberer-linstant-present.png 1123w\" sizes=\"auto, (max-width: 1024px) 100vw, 1024px\" \/><\/figure><div class=\"wp-block-media-text__content\">\n<p><strong><mark style=\"background-color:#a9eee9\" class=\"has-inline-color\">Module 1 : <\/mark>   Ecouter mon monde int\u00e9rieur pour danser avec toutes mes \u00e9motions<\/strong><\/p>\n\n\n\n<p><em>&#8221; Une \u00e9motion c\u2019est d\u2019abord un sensation physique.<br>\u00a0\u00c9couter son corps pour mettre en conscience et mouvement son monde int\u00e9rieur<br>\u00a0sans chercher \u00e0 en modifier l\u2019\u00e9tat, choisir d\u2019en faire une danse, \u00e0 partager ou pas.<br>\u00a0Voyager au c\u0153ur de soi, en musique comme en silence, en mouvement ou immobile,<br>\u00a0seul.e et ensemble. La danse, porte parole de nos \u00e9mois depuis nos corps en mouvement.<br>\u00a0Pour lib\u00e9rer ce qui est vivant, \u00e0 l&#8217;instant pr\u00e9sent. &#8220;<\/em><\/p>\n\n\n\n<p class=\"has-text-color has-link-color wp-elements-e3b36fbe3a8c15f2aecc024629dad22f\" style=\"color:#6cd3aa\"><strong>2h | Tout niveau | Tout public | Prochaines dates : A venir<\/strong><\/p>\n\n\n\n<p class=\"has-text-regular-color has-text-color has-link-color wp-elements-9b9ec4abac6cfeb4cc438ad115200a80\"><em>Dates pass\u00e9es : <\/em><br><em>* 12\/11\/23 (Linod 01260)<\/em><br><em>* 10\/08\/23 (micro-festival Ucel 07)<\/em><br>                            <\/p>\n\n\n\n<div class=\"wp-block-buttons is-content-justification-right is-layout-flex wp-container-core-buttons-is-layout-d445cf74 wp-block-buttons-is-layout-flex\">\n<div class=\"wp-block-button has-custom-font-size has-small-font-size\"><a class=\"wp-block-button__link has-background-color has-vivid-cyan-blue-background-color has-text-color has-background has-link-color wp-element-button\" href=\"https:\/\/lucioles-aufildesoi.fr\/index.php\/prendre-rendez-vous\/\" style=\"border-radius:28px\">Ca m&#8217;int\u00e9resse !<\/a><\/div>\n<\/div>\n<\/div><\/div>\n\n\n\n<div style=\"height:14px\" aria-hidden=\"true\" class=\"wp-block-spacer\"><\/div>\n\n\n\n<div class=\"wp-block-media-text alignfull is-stacked-on-mobile has-background\" style=\"background-color:#faf2f2;margin-top:0;margin-bottom:0;grid-template-columns:44% auto\"><figure class=\"wp-block-media-text__media\"><img loading=\"lazy\" decoding=\"async\" width=\"1024\" height=\"1024\" src=\"https:\/\/lucioles-aufildesoi.fr\/wp-content\/uploads\/2024\/09\/invitez-qui-vous-voudrez-1024x1024.jpg\" alt=\"\" class=\"wp-image-1758 size-full\" srcset=\"https:\/\/lucioles-aufildesoi.fr\/wp-content\/uploads\/2024\/09\/invitez-qui-vous-voudrez-1024x1024.jpg 1024w, https:\/\/lucioles-aufildesoi.fr\/wp-content\/uploads\/2024\/09\/invitez-qui-vous-voudrez-300x300.jpg 300w, https:\/\/lucioles-aufildesoi.fr\/wp-content\/uploads\/2024\/09\/invitez-qui-vous-voudrez-150x150.jpg 150w, https:\/\/lucioles-aufildesoi.fr\/wp-content\/uploads\/2024\/09\/invitez-qui-vous-voudrez-768x768.jpg 768w, https:\/\/lucioles-aufildesoi.fr\/wp-content\/uploads\/2024\/09\/invitez-qui-vous-voudrez.jpg 1080w\" sizes=\"auto, (max-width: 1024px) 100vw, 1024px\" \/><\/figure><div class=\"wp-block-media-text__content\">\n<p><strong><mark style=\"background-color:#c4eda8\" class=\"has-inline-color\">Module 2 : <\/mark>   Sautez, dansez, invitez qui vous voudrez !<\/strong><\/p>\n\n\n\n<p><em>&#8221; <\/em>\ud835\uddd6&#8217;\ud835\uddf2\ud835\ude00\ud835\ude01 \ud835\uddfe\ud835\ude02\ud835\uddfc\ud835\uddf6 ?<br><em>Du bal, au quotidien il n\u2019y \u00e0 qu\u2019un pas\u2026 De danse !<br>Danseur.euse aguerrit ou d\u00e9butant.e fleurissant.e, nous nous sommes tou.tes \u00e0 un moment vu intimid\u00e9, g\u00ean\u00e9 ou carr\u00e9ment bloqu\u00e9 \u00e0 oser inviter quelqu&#8217;un ou dire oui \u00e0 une invitation. Et m\u00eame les courageux qui osent, vivent parfois une danse plein de doute, de remise en question.<\/em><\/p>\n\n\n\n<p>\ud835\udde3\ud835\uddfc\ud835\ude02\ud835\uddff\ud835\uddfe\ud835\ude02\ud835\uddfc\ud835\uddf6 ?<br><em>Sommes nous \u00e0 la hauteur ? Devrions nous attendre de l\u2019\u00eatre ? Et si nous sortions de l\u2019id\u00e9alisation pour retrouver l\u2019essence m\u00eame de ces espaces de bal populaire : Le liens aux autres, l\u2019humanit\u00e9, la connexion, le partage, les rires et l\u2019amour de la transmission.  &#8220;<\/em> <mark style=\"background-color:rgba(0, 0, 0, 0);color:#de9859\" class=\"has-inline-color\">Id\u00e9al initiation avant bal !<\/mark><\/p>\n\n\n\n<p class=\"has-text-color has-link-color wp-elements-4f9507b07ebad9ebe5182b163e7380d9\" style=\"color:#6cd3aa\"><strong>2h | Tout niveau | Public bal &amp; autres danses sociales  Prochaines dates : A venir<\/strong><\/p>\n\n\n\n<p class=\"has-text-regular-color has-text-color has-link-color wp-elements-edd40da23e32a24e53c4b45d7a67d7a4\"><em>Dates pass\u00e9es : <\/em><br><em>* 11\/08\/24 (micro-festival #2 Ucel 07)<\/em><br>                            <\/p>\n\n\n\n<div class=\"wp-block-buttons is-content-justification-center is-layout-flex wp-container-core-buttons-is-layout-a89b3969 wp-block-buttons-is-layout-flex\">\n<div class=\"wp-block-button has-custom-font-size has-small-font-size\"><a class=\"wp-block-button__link has-background-color has-vivid-cyan-blue-background-color has-text-color has-background has-link-color wp-element-button\" href=\"https:\/\/lucioles-aufildesoi.fr\/index.php\/prendre-rendez-vous\/\" style=\"border-radius:28px\">Ca m&#8217;int\u00e9resse !<\/a><\/div>\n<\/div>\n<\/div><\/div>\n\n\n\n<figure class=\"wp-block-embed is-type-video is-provider-youtube wp-block-embed-youtube wp-embed-aspect-16-9 wp-has-aspect-ratio\"><div class=\"wp-block-embed__wrapper\">\n<iframe loading=\"lazy\" title=\"Lib\u00e9rer l&#039;instant pr\u00e9sent  - Atelier danse  (Ariele e calibano)\" width=\"1170\" height=\"658\" src=\"https:\/\/www.youtube.com\/embed\/lbvj9ZCyBVk?feature=oembed\" frameborder=\"0\" allow=\"accelerometer; autoplay; clipboard-write; encrypted-media; gyroscope; picture-in-picture; web-share\" referrerpolicy=\"strict-origin-when-cross-origin\" allowfullscreen><\/iframe>\n<\/div><\/figure>\n<\/div><\/div>\n\n\n\n<h2 class=\"wp-block-heading alignwide has-text-align-center has-background\" style=\"background-color:#f7d9d9\">Ils &amp; elles en parlent le mieux &#8230;<\/h2>\n\n\n\n<figure class=\"wp-block-gallery alignwide has-nested-images columns-default is-cropped wp-block-gallery-2 is-layout-flex wp-block-gallery-is-layout-flex\">\n<figure class=\"wp-block-image size-large\"><img loading=\"lazy\" decoding=\"async\" width=\"1024\" height=\"1024\" data-id=\"808\" src=\"https:\/\/lucioles-aufildesoi.fr\/wp-content\/uploads\/2023\/10\/AVIS-CLIENT-LUCIOLES-Catherine-1024x1024.png\" alt=\"\" class=\"wp-image-808\" srcset=\"https:\/\/lucioles-aufildesoi.fr\/wp-content\/uploads\/2023\/10\/AVIS-CLIENT-LUCIOLES-Catherine-1024x1024.png 1024w, https:\/\/lucioles-aufildesoi.fr\/wp-content\/uploads\/2023\/10\/AVIS-CLIENT-LUCIOLES-Catherine-300x300.png 300w, https:\/\/lucioles-aufildesoi.fr\/wp-content\/uploads\/2023\/10\/AVIS-CLIENT-LUCIOLES-Catherine-150x150.png 150w, https:\/\/lucioles-aufildesoi.fr\/wp-content\/uploads\/2023\/10\/AVIS-CLIENT-LUCIOLES-Catherine-768x768.png 768w, https:\/\/lucioles-aufildesoi.fr\/wp-content\/uploads\/2023\/10\/AVIS-CLIENT-LUCIOLES-Catherine.png 1080w\" sizes=\"auto, (max-width: 1024px) 100vw, 1024px\" \/><\/figure>\n\n\n\n<figure class=\"wp-block-image size-large\"><img loading=\"lazy\" decoding=\"async\" width=\"1024\" height=\"1024\" data-id=\"766\" src=\"https:\/\/lucioles-aufildesoi.fr\/wp-content\/uploads\/2023\/10\/AVIS-CLIENT-LUCIOLES-Carol-1024x1024.png\" alt=\"\" class=\"wp-image-766\" srcset=\"https:\/\/lucioles-aufildesoi.fr\/wp-content\/uploads\/2023\/10\/AVIS-CLIENT-LUCIOLES-Carol-1024x1024.png 1024w, https:\/\/lucioles-aufildesoi.fr\/wp-content\/uploads\/2023\/10\/AVIS-CLIENT-LUCIOLES-Carol-300x300.png 300w, https:\/\/lucioles-aufildesoi.fr\/wp-content\/uploads\/2023\/10\/AVIS-CLIENT-LUCIOLES-Carol-150x150.png 150w, https:\/\/lucioles-aufildesoi.fr\/wp-content\/uploads\/2023\/10\/AVIS-CLIENT-LUCIOLES-Carol-768x768.png 768w, https:\/\/lucioles-aufildesoi.fr\/wp-content\/uploads\/2023\/10\/AVIS-CLIENT-LUCIOLES-Carol.png 1080w\" sizes=\"auto, (max-width: 1024px) 100vw, 1024px\" \/><\/figure>\n<\/figure>\n\n\n\n<hr class=\"wp-block-separator has-alpha-channel-opacity\"\/>\n\n\n\n<p class=\"has-text-align-center has-large-font-size\"><\/p>\n\n\n\n<div class=\"wp-block-cover alignfull is-light\"><span aria-hidden=\"true\" class=\"wp-block-cover__background has-background-light-background-color has-background-dim-100 has-background-dim\"><\/span><div class=\"wp-block-cover__inner-container is-layout-constrained wp-block-cover-is-layout-constrained\">\n<h2 class=\"wp-block-heading\">Qui est l&#8217;animatrice ?<\/h2>\n\n\n\n<div class=\"wp-block-media-text alignfull is-stacked-on-mobile\" style=\"grid-template-columns:42% auto\"><figure class=\"wp-block-media-text__media\"><img loading=\"lazy\" decoding=\"async\" width=\"597\" height=\"1024\" src=\"https:\/\/lucioles-aufildesoi.fr\/wp-content\/uploads\/2023\/10\/lodie-_3-597x1024.jpg\" alt=\"\" class=\"wp-image-888 size-full\" srcset=\"https:\/\/lucioles-aufildesoi.fr\/wp-content\/uploads\/2023\/10\/lodie-_3-597x1024.jpg 597w, https:\/\/lucioles-aufildesoi.fr\/wp-content\/uploads\/2023\/10\/lodie-_3-175x300.jpg 175w, https:\/\/lucioles-aufildesoi.fr\/wp-content\/uploads\/2023\/10\/lodie-_3-768x1318.jpg 768w, https:\/\/lucioles-aufildesoi.fr\/wp-content\/uploads\/2023\/10\/lodie-_3-895x1536.jpg 895w, https:\/\/lucioles-aufildesoi.fr\/wp-content\/uploads\/2023\/10\/lodie-_3-1193x2048.jpg 1193w, https:\/\/lucioles-aufildesoi.fr\/wp-content\/uploads\/2023\/10\/lodie-_3-1170x2008.jpg 1170w, https:\/\/lucioles-aufildesoi.fr\/wp-content\/uploads\/2023\/10\/lodie-_3-scaled.jpg 1491w\" sizes=\"auto, (max-width: 597px) 100vw, 597px\" \/><\/figure><div class=\"wp-block-media-text__content\">\n<p class=\"has-luminous-vivid-amber-color has-text-color has-medium-font-size\"><strong>Carole Chaussinand<\/strong><\/p>\n\n\n\n<p><strong>25 ans \u00e0 rester au bord du parquet, <\/strong><br>envieuse, touch\u00e9e et tiraill\u00e9e croyant ne pas en \u00eatre capable. La danse f\u00fbt un sujet &#8220;tabou&#8221; pendant de longues ann\u00e9es pour moi, parce que souffrant &#8230;  De ne pas oser, de ne pas r\u00e9ussir \u00e0 lib\u00e9rer mon corps, d&#8217;avoir peur d&#8217;\u00eatre nulle ou ridicule. <\/p>\n\n\n\n<p><strong>Attir\u00e9e autant que terrifi\u00e9e &#8230;<\/strong><br>C&#8217;est en 2021 que je finis par l\u00e2cher-prise et pu enfin sentir la magie op\u00e9rer. Lors d&#8217;un bal folk organis\u00e9 par une ch\u00e8re amie qui me fit comprendre que je n&#8217;avais rien \u00e0 perdre&#8230; <br>Tout \u00e0 y gagner . <\/p>\n\n\n\n<p><strong>C&#8217;\u00e9tait l\u00e0 dans mon corps et \u00e7a cherchait juste \u00e0 s&#8217;exprimer&#8230;<\/strong><br>Voil\u00e0 bient\u00f4t 3 ans que la danse est devenue pour moi l&#8217;espace o\u00f9 je me sens le plus vivante, un grand pas vers ma libert\u00e9 incarn\u00e9e dans ce savant m\u00e9lange d&#8217;authenticit\u00e9 et de vuln\u00e9rabilit\u00e9. Elle \u00e0 une place centrale dans ma vie, du folk au tango, de l&#8217;impro seule ou en couple &#8230; <\/p>\n\n\n\n<p><strong>J&#8217;ai \u00e0 coeur de transmettre <\/strong>\u00e0 quel point laisser nos corps s&#8217;exprimer librement est un cadeau inestimable \u00e0 la port\u00e9 de tous, m\u00eame avec nos peurs &#8230; c&#8217;est une merveilleuse occasion de descendre du mental pour vivre en corps !<\/p>\n<\/div><\/div>\n\n\n\n<hr class=\"wp-block-separator has-alpha-channel-opacity\"\/>\n\n\n\n<h2 class=\"wp-block-heading\">Contact &amp; demandes<\/h2>\n\n\n\n<div class=\"wp-block-media-text alignwide is-stacked-on-mobile has-background\" style=\"background-color:#e9be91;grid-template-columns:39% auto\"><figure class=\"wp-block-media-text__media\"><img loading=\"lazy\" decoding=\"async\" width=\"894\" height=\"928\" src=\"https:\/\/lucioles-aufildesoi.fr\/wp-content\/uploads\/2023\/10\/diego.png\" alt=\"\" class=\"wp-image-878 size-full\" srcset=\"https:\/\/lucioles-aufildesoi.fr\/wp-content\/uploads\/2023\/10\/diego.png 894w, https:\/\/lucioles-aufildesoi.fr\/wp-content\/uploads\/2023\/10\/diego-289x300.png 289w, https:\/\/lucioles-aufildesoi.fr\/wp-content\/uploads\/2023\/10\/diego-768x797.png 768w\" sizes=\"auto, (max-width: 894px) 100vw, 894px\" \/><\/figure><div class=\"wp-block-media-text__content\">\n<div class=\"wp-block-contact-form-7-contact-form-selector\">\n<div class=\"wpcf7 no-js\" id=\"wpcf7-f1508-o1\" lang=\"fr-FR\" dir=\"ltr\">\n<div class=\"screen-reader-response\"><p role=\"status\" aria-live=\"polite\" aria-atomic=\"true\"><\/p> <ul><\/ul><\/div>\n<form action=\"\/index.php\/wp-json\/wp\/v2\/pages\/860#wpcf7-f1508-o1\" method=\"post\" class=\"wpcf7-form init\" aria-label=\"Formulaire de contact\" novalidate=\"novalidate\" data-status=\"init\">\n<div style=\"display: none;\">\n<input type=\"hidden\" name=\"_wpcf7\" value=\"1508\" \/>\n<input type=\"hidden\" name=\"_wpcf7_version\" value=\"5.9.8\" \/>\n<input type=\"hidden\" name=\"_wpcf7_locale\" value=\"fr_FR\" \/>\n<input type=\"hidden\" name=\"_wpcf7_unit_tag\" value=\"wpcf7-f1508-o1\" \/>\n<input type=\"hidden\" name=\"_wpcf7_container_post\" value=\"0\" \/>\n<input type=\"hidden\" name=\"_wpcf7_posted_data_hash\" value=\"\" \/>\n<\/div>\n<p><label> Votre nom<br \/>\n<span class=\"wpcf7-form-control-wrap\" data-name=\"your-name\"><input size=\"40\" maxlength=\"400\" class=\"wpcf7-form-control wpcf7-text wpcf7-validates-as-required\" autocomplete=\"name\" aria-required=\"true\" aria-invalid=\"false\" value=\"\" type=\"text\" name=\"your-name\" \/><\/span> <\/label>\n<\/p>\n<p><label> Votre e-mail<br \/>\n<span class=\"wpcf7-form-control-wrap\" data-name=\"your-email\"><input size=\"40\" maxlength=\"400\" class=\"wpcf7-form-control wpcf7-email wpcf7-validates-as-required wpcf7-text wpcf7-validates-as-email\" autocomplete=\"email\" aria-required=\"true\" aria-invalid=\"false\" value=\"\" type=\"email\" name=\"your-email\" \/><\/span> <\/label><br \/>\n<label> T\u00e9l\u00e9phone<br \/>\n<span class=\"wpcf7-form-control-wrap\" data-name=\"tel-519\"><input size=\"40\" maxlength=\"400\" class=\"wpcf7-form-control wpcf7-tel wpcf7-text wpcf7-validates-as-tel\" aria-invalid=\"false\" value=\"\" type=\"tel\" name=\"tel-519\" \/><\/span> <\/label>\n<\/p>\n<p><label> Objet<br \/>\n<span class=\"wpcf7-form-control-wrap\" data-name=\"your-subject\"><input size=\"40\" maxlength=\"400\" class=\"wpcf7-form-control wpcf7-text wpcf7-validates-as-required\" aria-required=\"true\" aria-invalid=\"false\" value=\"\" type=\"text\" name=\"your-subject\" \/><\/span> <\/label>\n<\/p>\n<p><label> Votre message (facultatif)<br \/>\n<span class=\"wpcf7-form-control-wrap\" data-name=\"your-message\"><textarea cols=\"40\" rows=\"10\" maxlength=\"2000\" class=\"wpcf7-form-control wpcf7-textarea\" aria-invalid=\"false\" name=\"your-message\"><\/textarea><\/span> <\/label>\n<\/p>\n<p><input class=\"wpcf7-form-control wpcf7-submit has-spinner\" type=\"submit\" value=\"Envoyer\" \/>\n<\/p><div class=\"wpcf7-response-output\" aria-hidden=\"true\"><\/div>\n<\/form>\n<\/div>\n<\/div>\n<\/div><\/div>\n\n\n\n<hr class=\"wp-block-separator has-alpha-channel-opacity\"\/>\n\n\n\n<p><strong>Rappel (*)<\/strong> Cet atelier n&#8217;est pas un cours de danse. Il n&#8217;est pas destin\u00e9 \u00e0 apprendre des pas ou chor\u00e9graphies.<\/p>\n<\/div><\/div>\n\n\n\n<h2 class=\"wp-block-heading\"><\/h2>\n","protected":false},"excerpt":{"rendered":"<p>Ils &amp; elles en parlent le mieux &#8230;<\/p>\n","protected":false},"author":1,"featured_media":0,"parent":0,"menu_order":0,"comment_status":"closed","ping_status":"closed","template":"","meta":{"_EventAllDay":false,"_EventTimezone":"","_EventStartDate":"","_EventEndDate":"","_EventStartDateUTC":"","_EventEndDateUTC":"","_EventShowMap":false,"_EventShowMapLink":false,"_EventURL":"","_EventCost":"","_EventCostDescription":"","_EventCurrencySymbol":"","_EventCurrencyCode":"","_EventCurrencyPosition":"","_EventDateTimeSeparator":"","_EventTimeRangeSeparator":"","_EventOrganizerID":[],"_EventVenueID":[],"_OrganizerEmail":"","_OrganizerPhone":"","_OrganizerWebsite":"","_VenueAddress":"","_VenueCity":"","_VenueCountry":"","_VenueProvince":"","_VenueState":"","_VenueZip":"","_VenuePhone":"","_VenueURL":"","_VenueStateProvince":"","_VenueLat":"","_VenueLng":"","_VenueShowMap":false,"_VenueShowMapLink":false,"_glsr_average":0,"_glsr_ranking":0,"_glsr_reviews":0,"footnotes":""},"class_list":["post-860","page","type-page","status-publish","hentry"],"jetpack_sharing_enabled":true,"_links":{"self":[{"href":"https:\/\/lucioles-aufildesoi.fr\/index.php\/wp-json\/wp\/v2\/pages\/860","targetHints":{"allow":["GET"]}}],"collection":[{"href":"https:\/\/lucioles-aufildesoi.fr\/index.php\/wp-json\/wp\/v2\/pages"}],"about":[{"href":"https:\/\/lucioles-aufildesoi.fr\/index.php\/wp-json\/wp\/v2\/types\/page"}],"author":[{"embeddable":true,"href":"https:\/\/lucioles-aufildesoi.fr\/index.php\/wp-json\/wp\/v2\/users\/1"}],"replies":[{"embeddable":true,"href":"https:\/\/lucioles-aufildesoi.fr\/index.php\/wp-json\/wp\/v2\/comments?post=860"}],"version-history":[{"count":53,"href":"https:\/\/lucioles-aufildesoi.fr\/index.php\/wp-json\/wp\/v2\/pages\/860\/revisions"}],"predecessor-version":[{"id":1766,"href":"https:\/\/lucioles-aufildesoi.fr\/index.php\/wp-json\/wp\/v2\/pages\/860\/revisions\/1766"}],"wp:attachment":[{"href":"https:\/\/lucioles-aufildesoi.fr\/index.php\/wp-json\/wp\/v2\/media?parent=860"}],"curies":[{"name":"wp","href":"https:\/\/api.w.org\/{rel}","templated":true}]}}