{"id":421,"date":"2022-08-25T17:03:47","date_gmt":"2022-08-25T15:03:47","guid":{"rendered":"https:\/\/lucioles-aufildesoi.fr\/?page_id=421"},"modified":"2023-10-20T18:28:09","modified_gmt":"2023-10-20T16:28:09","slug":"blog-articles-journal-de-bord","status":"publish","type":"page","link":"https:\/\/lucioles-aufildesoi.fr\/index.php\/blog-articles-journal-de-bord\/","title":{"rendered":"Blog, articles, journal de bord"},"content":{"rendered":"\n<div class=\"wp-block-cover alignwide is-light\"><span aria-hidden=\"true\" class=\"wp-block-cover__background has-background-dim-20 has-background-dim\"><\/span><img loading=\"lazy\" decoding=\"async\" width=\"232\" height=\"217\" class=\"wp-block-cover__image-background wp-image-422\" alt=\"\" src=\"https:\/\/lucioles-aufildesoi.fr\/wp-content\/uploads\/2022\/08\/images.jpe\" style=\"object-position:47% 40%\" data-object-fit=\"cover\" data-object-position=\"47% 40%\"\/><div class=\"wp-block-cover__inner-container is-layout-flow wp-block-cover-is-layout-flow\">\n<p class=\"has-text-align-center has-background-color has-text-color has-large-font-size\"><strong>Bienvenue !!<\/strong><\/p>\n\n\n\n<p class=\"has-text-align-center has-background-color has-text-color\" style=\"font-size:1.8rem\"><strong><strong>Cette page est comme un journal de &#8220;bord&#8221;&#8230;  <\/strong><\/strong><strong><strong>Mais \u00e0 ciel ouvert ! <\/strong><br>Donc, pas vraiment secret et surtout <\/strong><strong><strong>libre d&#8217;acc\u00e8s \u00e0 tout\u00b7e\u00b7s !<\/strong><br><\/strong><\/p>\n<\/div><\/div>\n\n\n\n<p class=\"has-text-align-center has-luminous-vivid-amber-color has-text-color\" style=\"font-size:17px\"><br>Tu peux y retrouver r\u00e9guli\u00e8rement de <strong>nouveaux articles<\/strong>, au gr\u00e8s de la vie et des saisons, de mes r\u00e9flexions, de ce que moi m\u00eame je vis ou rencontre et que j&#8217;ai envie de pouvoir partager avec toi ! <strong>Cet endroit ce veut ouvert aux partages,<\/strong> sens toi donc libre de laisser un commentaire si un article te pla\u00eet, t&#8217;apporte quelque chose ou bien te questionne ! Si tu veux <strong>laisser un t\u00e9moignage ou ta propres r\u00e9flexion<\/strong>, pour l&#8217;enrichir aussi.<\/p>\n\n\n\n<div class=\"wp-block-media-text alignwide is-stacked-on-mobile\" style=\"grid-template-columns:28% auto\"><figure class=\"wp-block-media-text__media\"><img loading=\"lazy\" decoding=\"async\" width=\"715\" height=\"728\" src=\"https:\/\/lucioles-aufildesoi.fr\/wp-content\/uploads\/2022\/08\/lacher2.png\" alt=\"\" class=\"wp-image-428 size-full\" srcset=\"https:\/\/lucioles-aufildesoi.fr\/wp-content\/uploads\/2022\/08\/lacher2.png 715w, https:\/\/lucioles-aufildesoi.fr\/wp-content\/uploads\/2022\/08\/lacher2-295x300.png 295w\" sizes=\"auto, (max-width: 715px) 100vw, 715px\" \/><\/figure><div class=\"wp-block-media-text__content\">\n<div class=\"wp-block-group has-electric-grass-gradient-background has-background is-layout-flow wp-block-group-is-layout-flow\">\n<p class=\"has-background-color has-text-color\" style=\"font-size:22px\"><strong>&#8230; Et si ON l\u00e2chait prise, ensemble ?!<\/strong><\/p>\n\n\n\n<p style=\"font-size:17px\">Parce que la vie est d\u00e9j\u00e0 s\u00e9rieuse, et que \u00e7a ne serait peut \u00eatre pas s\u00e9rieux d&#8217;en rajouter davantage ! si ?<strong> Alors j&#8217;\u00e9cris le + possible avec l\u00e9g\u00e8ret\u00e9 et humour !<\/strong><br>Parce qu&#8217;on peut \u00eatre parfois s\u00e9rieux et parfois fun &lt;3 <br>Des \u00eatres humains complet et complexe \ud83d\ude42 <\/p>\n\n\n\n<p style=\"font-size:16px\"><em>(*) Tu constateras que comme sur mon site j&#8217;utilise beaucoup le tutoiement, n&#8217;en soit pas vex\u00e9, aucun manque de respect de ma part, c&#8217;est simplement parce que \u00e0 mon sens, nous sommes tou\u00b7te\u00b7s humain\u00b7e\u00b7s.<\/em><\/p>\n\n\n\n<p class=\"has-text-align-right has-text-color\" style=\"color:#bd2f53;font-size:16px\">Avec le c\u0153ur, Carole <strong>&#8211; Lucioles au fil de Soi &#8211;<\/strong><\/p>\n<\/div>\n<\/div><\/div>\n\n\n\n<p class=\"has-text-align-center has-background-color has-luminous-vivid-amber-background-color has-text-color has-background\" style=\"font-size:34px\"><strong>Derniers articles parus !!<\/strong><\/p>\n\n\n\n<div class=\"wp-block-media-text alignwide is-stacked-on-mobile has-background\" style=\"background:linear-gradient(135deg,rgb(0,150,188) 0%,rgb(155,81,224) 100%);grid-template-columns:23% auto\"><figure class=\"wp-block-media-text__media\"><a href=\"https:\/\/lucioles-aufildesoi.fr\/index.php\/2023\/10\/20\/lacher-prise-est-ce-jeter-leponge-la-passer\/\"><img loading=\"lazy\" decoding=\"async\" width=\"333\" height=\"280\" src=\"https:\/\/lucioles-aufildesoi.fr\/wp-content\/uploads\/2023\/10\/lacher-prise.png\" alt=\"\" class=\"wp-image-853 size-full\" srcset=\"https:\/\/lucioles-aufildesoi.fr\/wp-content\/uploads\/2023\/10\/lacher-prise.png 333w, https:\/\/lucioles-aufildesoi.fr\/wp-content\/uploads\/2023\/10\/lacher-prise-300x252.png 300w\" sizes=\"auto, (max-width: 333px) 100vw, 333px\" \/><\/a><\/figure><div class=\"wp-block-media-text__content\">\n<p class=\"has-background-light-background-color has-background\"><strong><a href=\"https:\/\/lucioles-aufildesoi.fr\/index.php\/2023\/10\/20\/lacher-prise-est-ce-jeter-leponge-la-passer\/\">L\u00e2cher-prise ? Est-ce jeter l&#8217;\u00e9ponge ? la passer ?&#8230;<\/a><i> <\/i><\/strong><br> &#8211; 20 Octobre 2023 &#8211; <br>Avec beaucoup d&#8217;humour, viens d\u00e9couvrir une fa\u00e7on de le voir ! De rire peut \u00eatre aussi, de faire des liens, de parler d&#8217;\u00e9ponge &#8230; Heu, de te faire du bien quoi ! et peut-\u00eatre de [\u2026] <\/p>\n<\/div><\/div>\n\n\n\n<div class=\"wp-block-media-text alignwide is-stacked-on-mobile has-background\" style=\"background:linear-gradient(135deg,rgb(254,205,165) 35%,rgb(254,45,45) 83%,rgb(107,0,62) 100%);grid-template-columns:17% auto\"><figure class=\"wp-block-media-text__media\"><a href=\"https:\/\/lucioles-aufildesoi.fr\/index.php\/2023\/10\/10\/ikigai-vivre-en-harmonie-avec-soi-les-autres-notre-environnement\/\"><img loading=\"lazy\" decoding=\"async\" width=\"600\" height=\"900\" src=\"https:\/\/lucioles-aufildesoi.fr\/wp-content\/uploads\/2023\/10\/elan1.jpg\" alt=\"\u00e9lan de vie ikiga\u00ef\" class=\"wp-image-710 size-full\" srcset=\"https:\/\/lucioles-aufildesoi.fr\/wp-content\/uploads\/2023\/10\/elan1.jpg 600w, https:\/\/lucioles-aufildesoi.fr\/wp-content\/uploads\/2023\/10\/elan1-200x300.jpg 200w\" sizes=\"auto, (max-width: 600px) 100vw, 600px\" \/><\/a><\/figure><div class=\"wp-block-media-text__content\">\n<p class=\"has-background-light-background-color has-background\"><a href=\"https:\/\/lucioles-aufildesoi.fr\/index.php\/2023\/10\/10\/ikigai-vivre-en-harmonie-avec-soi-les-autres-notre-environnement\/\"><strong>Ikiga\u00ef <\/strong>&#8211;<\/a><strong><em><a href=\"https:\/\/lucioles-aufildesoi.fr\/index.php\/2023\/10\/10\/ikigai-vivre-en-harmonie-avec-soi-les-autres-notre-environnement\/\"> Vivre en harmonie avec soi, les autres et notre envrionnement<\/a> <\/em><\/strong> &#8211; 10 Octobre 2023 &#8211; <br>Vaste programme ? Peut -\u00eatre \u2026<br>Mais \u00e7a n\u2019a pas non plus \u00e0 \u00eatre une qu\u00eate forc\u00e9ment complexe.<br>L\u2019ikiga\u00ef nous invite entre autres choses, \u00e0 go\u00fbter \u00e0 [\u2026] <\/p>\n<\/div><\/div>\n\n\n\n<div class=\"wp-block-media-text alignwide is-stacked-on-mobile has-pale-ocean-gradient-background has-background\" style=\"grid-template-columns:16% auto\"><figure class=\"wp-block-media-text__media\"><a href=\"https:\/\/lucioles-aufildesoi.fr\/index.php\/2022\/06\/07\/bonjour-tout-le-monde\/\"><img loading=\"lazy\" decoding=\"async\" width=\"588\" height=\"797\" src=\"https:\/\/lucioles-aufildesoi.fr\/wp-content\/uploads\/2022\/06\/ego-2.png\" alt=\"l'\u00e9go ce rigolo\" class=\"wp-image-395 size-full\" srcset=\"https:\/\/lucioles-aufildesoi.fr\/wp-content\/uploads\/2022\/06\/ego-2.png 588w, https:\/\/lucioles-aufildesoi.fr\/wp-content\/uploads\/2022\/06\/ego-2-221x300.png 221w\" sizes=\"auto, (max-width: 588px) 100vw, 588px\" \/><\/a><\/figure><div class=\"wp-block-media-text__content\">\n<p class=\"has-background-light-background-color has-background\"><strong><a href=\"https:\/\/lucioles-aufildesoi.fr\/index.php\/2022\/06\/07\/bonjour-tout-le-monde\/\">L\u2019 \u00e9go, c\u2019est quoi ?!<\/a> <\/strong>  &#8211; 7 juin 2022 &#8211; <br>Non je ne viens pas te parler de la c\u00e9l\u00e8bre marque de jeux qui fait mal au pied quand on marche malencontreusement dessus ! Mais d\u2019un tout autre \u00ab&nbsp;je&nbsp;\u00bb. Quoi que [\u2026] <\/p>\n<\/div><\/div>\n\n\n\n<div style=\"height:56px\" aria-hidden=\"true\" class=\"wp-block-spacer\"><\/div>\n\n\n\n<blockquote class=\"wp-block-quote is-layout-flow wp-block-quote-is-layout-flow\">\n<p><strong>Quel lien ?<\/strong><\/p>\n<cite>avec mes accompagnements, le bien-\u00eatre \u00e9motionnel et relationnel, le d\u00e9veloppement personnel &#8230;<\/cite><\/blockquote>\n\n\n\n<p style=\"font-size:17px\">Tout \u00e0 vrai dire ! <em>[ou presque, n\u2019exag\u00e9rons pas].<\/em><br>Ici j&#8217;\u00e9cris des posts qui parlent de la vie. La mienne et finalement celle de nous tou\u00b7te\u00b7s.<br>Aborde des notions comme l&#8217;amour v\u00e9ritable, l&#8217;\u00e9go, le l\u00e2cher-prise, l&#8217;acceptation, les blessures \u00e9motionnelles, etc&#8230; Des sujets finalement concrets <em>(quoi que parfois..!)<\/em>, mati\u00e8res parfois issues de vraies recherches, ou de mes propres lectures et formations. <br>Qui donnent \u00e0 r\u00e9fl\u00e9chir ou m\u00e9diter. <strong>Mais surtout &#8230;.<\/strong><\/p>\n\n\n\n<p class=\"has-text-align-right has-luminous-vivid-amber-color has-text-color\" style=\"font-size:17px\"><strong>AVEC HUMOUR !!<\/strong><br><\/p>\n\n\n\n<p class=\"has-vivid-green-cyan-color has-text-color\" style=\"font-size:32px\"><strong>Cat\u00e9gories &amp; th\u00e8mes<\/strong><\/p>\n","protected":false},"excerpt":{"rendered":"<p>Tu peux y retrouver r\u00e9guli\u00e8rement de nouveaux articles, au gr\u00e8s de la vie et des saisons, de mes r\u00e9flexions, de ce que moi m\u00eame je vis ou rencontre et que [&hellip;]<\/p>\n","protected":false},"author":1,"featured_media":0,"parent":0,"menu_order":0,"comment_status":"closed","ping_status":"closed","template":"","meta":{"_EventAllDay":false,"_EventTimezone":"","_EventStartDate":"","_EventEndDate":"","_EventStartDateUTC":"","_EventEndDateUTC":"","_EventShowMap":false,"_EventShowMapLink":false,"_EventURL":"","_EventCost":"","_EventCostDescription":"","_EventCurrencySymbol":"","_EventCurrencyCode":"","_EventCurrencyPosition":"","_EventDateTimeSeparator":"","_EventTimeRangeSeparator":"","_EventOrganizerID":[],"_EventVenueID":[],"_OrganizerEmail":"","_OrganizerPhone":"","_OrganizerWebsite":"","_VenueAddress":"","_VenueCity":"","_VenueCountry":"","_VenueProvince":"","_VenueState":"","_VenueZip":"","_VenuePhone":"","_VenueURL":"","_VenueStateProvince":"","_VenueLat":"","_VenueLng":"","_VenueShowMap":false,"_VenueShowMapLink":false,"_glsr_average":0,"_glsr_ranking":0,"_glsr_reviews":0,"footnotes":""},"class_list":["post-421","page","type-page","status-publish","hentry"],"jetpack_sharing_enabled":true,"_links":{"self":[{"href":"https:\/\/lucioles-aufildesoi.fr\/index.php\/wp-json\/wp\/v2\/pages\/421","targetHints":{"allow":["GET"]}}],"collection":[{"href":"https:\/\/lucioles-aufildesoi.fr\/index.php\/wp-json\/wp\/v2\/pages"}],"about":[{"href":"https:\/\/lucioles-aufildesoi.fr\/index.php\/wp-json\/wp\/v2\/types\/page"}],"author":[{"embeddable":true,"href":"https:\/\/lucioles-aufildesoi.fr\/index.php\/wp-json\/wp\/v2\/users\/1"}],"replies":[{"embeddable":true,"href":"https:\/\/lucioles-aufildesoi.fr\/index.php\/wp-json\/wp\/v2\/comments?post=421"}],"version-history":[{"count":33,"href":"https:\/\/lucioles-aufildesoi.fr\/index.php\/wp-json\/wp\/v2\/pages\/421\/revisions"}],"predecessor-version":[{"id":858,"href":"https:\/\/lucioles-aufildesoi.fr\/index.php\/wp-json\/wp\/v2\/pages\/421\/revisions\/858"}],"wp:attachment":[{"href":"https:\/\/lucioles-aufildesoi.fr\/index.php\/wp-json\/wp\/v2\/media?parent=421"}],"curies":[{"name":"wp","href":"https:\/\/api.w.org\/{rel}","templated":true}]}}