{"id":245,"date":"2022-08-12T12:13:14","date_gmt":"2022-08-12T10:13:14","guid":{"rendered":"http:\/\/lucioles-aufildesoi.fr\/?page_id=245"},"modified":"2024-03-25T14:21:27","modified_gmt":"2024-03-25T13:21:27","slug":"me-contacter","status":"publish","type":"page","link":"https:\/\/lucioles-aufildesoi.fr\/index.php\/me-contacter\/","title":{"rendered":"Me contacter"},"content":{"rendered":"\n<blockquote class=\"wp-block-quote has-foreground-color has-text-color is-layout-flow wp-block-quote-is-layout-flow\">\n<p>Pour toutes questions &amp; prise de rendez-vous<\/p>\n\n\n\n<figure class=\"wp-block-gallery has-nested-images columns-default is-cropped wp-block-gallery-1 is-layout-flex wp-block-gallery-is-layout-flex\">\n<figure class=\"wp-block-image size-full\"><img loading=\"lazy\" decoding=\"async\" width=\"1080\" height=\"1080\" data-id=\"1191\" src=\"https:\/\/lucioles-aufildesoi.fr\/wp-content\/uploads\/2024\/03\/Lucioles-au-fil-de-Soi-3-cabinets.jpg\" alt=\"\" class=\"wp-image-1191\" srcset=\"https:\/\/lucioles-aufildesoi.fr\/wp-content\/uploads\/2024\/03\/Lucioles-au-fil-de-Soi-3-cabinets.jpg 1080w, https:\/\/lucioles-aufildesoi.fr\/wp-content\/uploads\/2024\/03\/Lucioles-au-fil-de-Soi-3-cabinets-300x300.jpg 300w, https:\/\/lucioles-aufildesoi.fr\/wp-content\/uploads\/2024\/03\/Lucioles-au-fil-de-Soi-3-cabinets-1024x1024.jpg 1024w, https:\/\/lucioles-aufildesoi.fr\/wp-content\/uploads\/2024\/03\/Lucioles-au-fil-de-Soi-3-cabinets-150x150.jpg 150w, https:\/\/lucioles-aufildesoi.fr\/wp-content\/uploads\/2024\/03\/Lucioles-au-fil-de-Soi-3-cabinets-768x768.jpg 768w\" sizes=\"auto, (max-width: 1080px) 100vw, 1080px\" \/><\/figure>\n<\/figure>\n<cite>Nous pouvons prendre un premier contact par t\u00e9l\u00e9phone (ou mail) pour voir ensemble ce qui sera le plus adapt\u00e9 pour vous et votre situation\/envie, en terme de forme de s\u00e9ance et de lieu.<\/cite><\/blockquote>\n\n\n\n<div style=\"height:100px\" aria-hidden=\"true\" class=\"wp-block-spacer\"><\/div>\n\n\n\n<blockquote class=\"wp-block-quote has-vivid-green-cyan-color has-text-color is-layout-flow wp-block-quote-is-layout-flow\">\n<p>Laissez moi votre message via ce formulaire<\/p>\n<cite>Quelque soit votre questionnement, vous serez toujours le\/la bienvenu\u00b7e pour \u00e9changer ensemble.<\/cite><\/blockquote>\n\n\n\n<div class=\"wp-block-media-text is-stacked-on-mobile has-background\" style=\"background-color:#86d0c1;grid-template-columns:39% auto\"><figure class=\"wp-block-media-text__media\"><img loading=\"lazy\" decoding=\"async\" width=\"499\" height=\"1024\" src=\"https:\/\/lucioles-aufildesoi.fr\/wp-content\/uploads\/2022\/07\/nenuphare-499x1024.jpg\" alt=\"\" class=\"wp-image-123 size-full\" srcset=\"https:\/\/lucioles-aufildesoi.fr\/wp-content\/uploads\/2022\/07\/nenuphare-499x1024.jpg 499w, https:\/\/lucioles-aufildesoi.fr\/wp-content\/uploads\/2022\/07\/nenuphare-146x300.jpg 146w, https:\/\/lucioles-aufildesoi.fr\/wp-content\/uploads\/2022\/07\/nenuphare-768x1575.jpg 768w, https:\/\/lucioles-aufildesoi.fr\/wp-content\/uploads\/2022\/07\/nenuphare-749x1536.jpg 749w, https:\/\/lucioles-aufildesoi.fr\/wp-content\/uploads\/2022\/07\/nenuphare-999x2048.jpg 999w, https:\/\/lucioles-aufildesoi.fr\/wp-content\/uploads\/2022\/07\/nenuphare-1170x2399.jpg 1170w, https:\/\/lucioles-aufildesoi.fr\/wp-content\/uploads\/2022\/07\/nenuphare-scaled.jpg 1249w\" sizes=\"auto, (max-width: 499px) 100vw, 499px\" \/><\/figure><div class=\"wp-block-media-text__content\">\n<div class=\"wp-block-contact-form-7-contact-form-selector\">\n<div class=\"wpcf7 no-js\" id=\"wpcf7-f255-o1\" lang=\"fr-FR\" dir=\"ltr\">\n<div class=\"screen-reader-response\"><p role=\"status\" aria-live=\"polite\" aria-atomic=\"true\"><\/p> <ul><\/ul><\/div>\n<form action=\"\/index.php\/wp-json\/wp\/v2\/pages\/245#wpcf7-f255-o1\" method=\"post\" class=\"wpcf7-form init\" aria-label=\"Formulaire de contact\" novalidate=\"novalidate\" data-status=\"init\">\n<div style=\"display: none;\">\n<input type=\"hidden\" name=\"_wpcf7\" value=\"255\" \/>\n<input type=\"hidden\" name=\"_wpcf7_version\" value=\"5.9.8\" \/>\n<input type=\"hidden\" name=\"_wpcf7_locale\" value=\"fr_FR\" \/>\n<input type=\"hidden\" name=\"_wpcf7_unit_tag\" value=\"wpcf7-f255-o1\" \/>\n<input type=\"hidden\" name=\"_wpcf7_container_post\" value=\"0\" \/>\n<input type=\"hidden\" name=\"_wpcf7_posted_data_hash\" value=\"\" \/>\n<\/div>\n<p><label> Votre nom<br \/>\n<span class=\"wpcf7-form-control-wrap\" data-name=\"your-name\"><input size=\"40\" maxlength=\"400\" class=\"wpcf7-form-control wpcf7-text wpcf7-validates-as-required\" aria-required=\"true\" aria-invalid=\"false\" value=\"\" type=\"text\" name=\"your-name\" \/><\/span> <\/label>\n<\/p>\n<p><label> Votre e-mail<br \/>\n<span class=\"wpcf7-form-control-wrap\" data-name=\"your-email\"><input size=\"40\" maxlength=\"400\" class=\"wpcf7-form-control wpcf7-email wpcf7-validates-as-required wpcf7-text wpcf7-validates-as-email\" aria-required=\"true\" aria-invalid=\"false\" value=\"\" type=\"email\" name=\"your-email\" \/><\/span> <\/label>\n<\/p>\n<p><label> Objet<br \/>\n<span class=\"wpcf7-form-control-wrap\" data-name=\"your-subject\"><input size=\"40\" maxlength=\"400\" class=\"wpcf7-form-control wpcf7-text wpcf7-validates-as-required\" aria-required=\"true\" aria-invalid=\"false\" value=\"\" type=\"text\" name=\"your-subject\" \/><\/span> <\/label>\n<\/p>\n<p><label> Votre message (facultatif)<br \/>\n<span class=\"wpcf7-form-control-wrap\" data-name=\"your-message\"><textarea cols=\"40\" rows=\"10\" maxlength=\"2000\" class=\"wpcf7-form-control wpcf7-textarea\" aria-invalid=\"false\" name=\"your-message\"><\/textarea><\/span> <\/label>\n<\/p>\n<p><input class=\"wpcf7-form-control wpcf7-submit has-spinner\" type=\"submit\" value=\"Envoyer\" \/>\n<\/p><div class=\"wpcf7-response-output\" aria-hidden=\"true\"><\/div>\n<\/form>\n<\/div>\n<\/div>\n<\/div><\/div>\n\n\n\n<div class=\"wp-block-media-text is-stacked-on-mobile has-background\" style=\"background-color:#f78da82e;grid-template-columns:53% auto\"><figure class=\"wp-block-media-text__media\"><img loading=\"lazy\" decoding=\"async\" width=\"1024\" height=\"683\" src=\"https:\/\/lucioles-aufildesoi.fr\/wp-content\/uploads\/2023\/10\/portrait-1024x683.jpg\" alt=\"\" class=\"wp-image-935 size-full\" srcset=\"https:\/\/lucioles-aufildesoi.fr\/wp-content\/uploads\/2023\/10\/portrait-1024x683.jpg 1024w, https:\/\/lucioles-aufildesoi.fr\/wp-content\/uploads\/2023\/10\/portrait-300x200.jpg 300w, https:\/\/lucioles-aufildesoi.fr\/wp-content\/uploads\/2023\/10\/portrait-768x512.jpg 768w, https:\/\/lucioles-aufildesoi.fr\/wp-content\/uploads\/2023\/10\/portrait-1536x1024.jpg 1536w, https:\/\/lucioles-aufildesoi.fr\/wp-content\/uploads\/2023\/10\/portrait-1170x780.jpg 1170w, https:\/\/lucioles-aufildesoi.fr\/wp-content\/uploads\/2023\/10\/portrait.jpg 1600w\" sizes=\"auto, (max-width: 1024px) 100vw, 1024px\" \/><\/figure><div class=\"wp-block-media-text__content\">\n<p class=\"has-text-align-center has-luminous-vivid-amber-color has-text-color has-link-color has-medium-font-size wp-elements-2733be1fb211227715ff8e917a33c8a2\"><strong><em>Carole Chaussinand<\/em><\/strong><\/p>\n\n\n\n<p class=\"has-text-align-center has-vivid-green-cyan-color has-text-color has-link-color wp-elements-4c0eb4283b530c63bee30068109d621e\"><strong>Accompagnante <br>\u00e9motionnelle &amp; relationnelle<\/strong><\/p>\n\n\n\n<ul class=\"wp-block-list\">\n<li>Accompagnement individuel<\/li>\n\n\n\n<li>Ateliers de groupe<\/li>\n\n\n\n<li>Ikiga\u00ef<\/li>\n\n\n\n<li>Arts\/drama-Th\u00e9rapies<\/li>\n\n\n\n<li>Perfectionnisme<\/li>\n\n\n\n<li>Confiance et etime de soi<\/li>\n\n\n\n<li>Psychocorporel<\/li>\n\n\n\n<li>D\u00e9pendances affectives<\/li>\n<\/ul>\n<\/div><\/div>\n\n\n\n<figure class=\"wp-block-gallery has-nested-images columns-default is-cropped wp-block-gallery-2 is-layout-flex wp-block-gallery-is-layout-flex\">\n<figure class=\"wp-block-image size-large\"><a href=\"https:\/\/www.facebook.com\/Carole.AccompagnanteRelationsHumaines\"><img loading=\"lazy\" decoding=\"async\" width=\"199\" height=\"208\" data-id=\"648\" src=\"https:\/\/lucioles-aufildesoi.fr\/wp-content\/uploads\/2023\/07\/Facebook.png\" alt=\"\" class=\"wp-image-648\"\/><\/a><\/figure>\n\n\n\n<figure class=\"wp-block-image size-large\"><a href=\"https:\/\/www.instagram.com\/luciolesaufildesoi\/\"><img loading=\"lazy\" decoding=\"async\" width=\"305\" height=\"321\" data-id=\"649\" src=\"https:\/\/lucioles-aufildesoi.fr\/wp-content\/uploads\/2023\/07\/insta.png\" alt=\"\" class=\"wp-image-649\" srcset=\"https:\/\/lucioles-aufildesoi.fr\/wp-content\/uploads\/2023\/07\/insta.png 305w, https:\/\/lucioles-aufildesoi.fr\/wp-content\/uploads\/2023\/07\/insta-285x300.png 285w\" sizes=\"auto, (max-width: 305px) 100vw, 305px\" \/><\/a><\/figure>\n<\/figure>\n\n\n\n<div style=\"height:11px\" aria-hidden=\"true\" class=\"wp-block-spacer\"><\/div>\n\n\n\n<figure class=\"wp-block-image aligncenter size-full\"><a href=\"https:\/\/www.resalib.fr\/praticien\/70855-carole-chaussinand-lucioles-au-fil-de-soi-therapeute-chambery\"><img loading=\"lazy\" decoding=\"async\" width=\"600\" height=\"315\" src=\"https:\/\/lucioles-aufildesoi.fr\/wp-content\/uploads\/2023\/05\/resalib-photo.webp\" alt=\"Chambery resalib th\u00e9rapeuthe accompagnement \u00e9motionnel et relationnel Lucioles au fil de soi\" class=\"wp-image-638\" srcset=\"https:\/\/lucioles-aufildesoi.fr\/wp-content\/uploads\/2023\/05\/resalib-photo.webp 600w, https:\/\/lucioles-aufildesoi.fr\/wp-content\/uploads\/2023\/05\/resalib-photo-300x158.webp 300w\" sizes=\"auto, (max-width: 600px) 100vw, 600px\" \/><\/a><\/figure>\n","protected":false},"excerpt":{"rendered":"<p>Laissez moi votre message via ce formulaire Quelque soit votre questionnement, vous serez toujours le\/la bienvenu\u00b7e pour \u00e9changer ensemble.<\/p>\n","protected":false},"author":1,"featured_media":0,"parent":0,"menu_order":0,"comment_status":"closed","ping_status":"closed","template":"","meta":{"_EventAllDay":false,"_EventTimezone":"","_EventStartDate":"","_EventEndDate":"","_EventStartDateUTC":"","_EventEndDateUTC":"","_EventShowMap":false,"_EventShowMapLink":false,"_EventURL":"","_EventCost":"","_EventCostDescription":"","_EventCurrencySymbol":"","_EventCurrencyCode":"","_EventCurrencyPosition":"","_EventDateTimeSeparator":"","_EventTimeRangeSeparator":"","_EventOrganizerID":[],"_EventVenueID":[],"_OrganizerEmail":"","_OrganizerPhone":"","_OrganizerWebsite":"","_VenueAddress":"","_VenueCity":"","_VenueCountry":"","_VenueProvince":"","_VenueState":"","_VenueZip":"","_VenuePhone":"","_VenueURL":"","_VenueStateProvince":"","_VenueLat":"","_VenueLng":"","_VenueShowMap":false,"_VenueShowMapLink":false,"_glsr_average":0,"_glsr_ranking":0,"_glsr_reviews":0,"footnotes":""},"class_list":["post-245","page","type-page","status-publish","hentry"],"jetpack_sharing_enabled":true,"_links":{"self":[{"href":"https:\/\/lucioles-aufildesoi.fr\/index.php\/wp-json\/wp\/v2\/pages\/245","targetHints":{"allow":["GET"]}}],"collection":[{"href":"https:\/\/lucioles-aufildesoi.fr\/index.php\/wp-json\/wp\/v2\/pages"}],"about":[{"href":"https:\/\/lucioles-aufildesoi.fr\/index.php\/wp-json\/wp\/v2\/types\/page"}],"author":[{"embeddable":true,"href":"https:\/\/lucioles-aufildesoi.fr\/index.php\/wp-json\/wp\/v2\/users\/1"}],"replies":[{"embeddable":true,"href":"https:\/\/lucioles-aufildesoi.fr\/index.php\/wp-json\/wp\/v2\/comments?post=245"}],"version-history":[{"count":16,"href":"https:\/\/lucioles-aufildesoi.fr\/index.php\/wp-json\/wp\/v2\/pages\/245\/revisions"}],"predecessor-version":[{"id":1200,"href":"https:\/\/lucioles-aufildesoi.fr\/index.php\/wp-json\/wp\/v2\/pages\/245\/revisions\/1200"}],"wp:attachment":[{"href":"https:\/\/lucioles-aufildesoi.fr\/index.php\/wp-json\/wp\/v2\/media?parent=245"}],"curies":[{"name":"wp","href":"https:\/\/api.w.org\/{rel}","templated":true}]}}