{"id":189,"date":"2022-08-12T12:14:39","date_gmt":"2022-08-12T10:14:39","guid":{"rendered":"http:\/\/lucioles-aufildesoi.fr\/?page_id=189"},"modified":"2023-11-15T18:37:05","modified_gmt":"2023-11-15T17:37:05","slug":"consultation-globale","status":"publish","type":"page","link":"https:\/\/lucioles-aufildesoi.fr\/index.php\/consultation-globale\/","title":{"rendered":"Consultation Globale"},"content":{"rendered":"\n<div class=\"wp-block-cover is-light\"><span aria-hidden=\"true\" class=\"wp-block-cover__background has-background-dim-20 has-background-dim\"><\/span><img loading=\"lazy\" decoding=\"async\" width=\"1920\" height=\"2560\" class=\"wp-block-cover__image-background wp-image-190\" alt=\"\" src=\"https:\/\/lucioles-aufildesoi.fr\/wp-content\/uploads\/2022\/07\/IMG_20220703_090406-scaled.jpg\" data-object-fit=\"cover\" srcset=\"https:\/\/lucioles-aufildesoi.fr\/wp-content\/uploads\/2022\/07\/IMG_20220703_090406-scaled.jpg 1920w, https:\/\/lucioles-aufildesoi.fr\/wp-content\/uploads\/2022\/07\/IMG_20220703_090406-225x300.jpg 225w, https:\/\/lucioles-aufildesoi.fr\/wp-content\/uploads\/2022\/07\/IMG_20220703_090406-768x1024.jpg 768w, https:\/\/lucioles-aufildesoi.fr\/wp-content\/uploads\/2022\/07\/IMG_20220703_090406-1152x1536.jpg 1152w, https:\/\/lucioles-aufildesoi.fr\/wp-content\/uploads\/2022\/07\/IMG_20220703_090406-1536x2048.jpg 1536w, https:\/\/lucioles-aufildesoi.fr\/wp-content\/uploads\/2022\/07\/IMG_20220703_090406-1170x1560.jpg 1170w\" sizes=\"auto, (max-width: 1920px) 100vw, 1920px\" \/><div class=\"wp-block-cover__inner-container is-layout-flow wp-block-cover-is-layout-flow\">\n<blockquote class=\"wp-block-quote has-background-color has-text-color is-layout-flow wp-block-quote-is-layout-flow\" style=\"font-size:2rem\">\n<p><br>Au cabinet | en ligne<\/p>\n<cite>Linod 01260<br>Belley 01300<br>Chamb\u00e9ry 73000<br>  ou via zoom<\/cite><\/blockquote>\n<\/div><\/div>\n\n\n\n<p class=\"has-luminous-vivid-amber-color has-text-color\" style=\"font-size:35px\">La s\u00e9ance de consultation globale<\/p>\n\n\n\n<p style=\"font-size:16.5px\"><em>Cette consultation est le plus souvent la formule de notre premi\u00e8re rencontre. <br>Elle permet de faire connaissance, d&#8217;identifier le probl\u00e8me v\u00e9ritable dans ta situation et de d\u00e9finir ensemble le cadre pour le cheminement que tu choisis de t&#8217;offrir.<br>\u00c0 la fin de cette s\u00e9ance, tu repartiras avec davantage de clart\u00e9 sur ta situation et une id\u00e9e pr\u00e9cise de ce que tu d\u00e9sir r\u00e9ellement pour toi, aujourd&#8217;hui.<\/em> <em>Elle peut \u00eatre ponctuelle ou la pr\u00e9misse d&#8217;un cheminement ensemble sur plusieurs s\u00e9ances, si cela nous semble commun\u00e9ment pertinent.<\/em><\/p>\n\n\n\n<p class=\"has-vivid-green-cyan-color has-text-color\" style=\"font-size:20px\"><strong>Ce que tu vas concr\u00e8tement explorer<\/strong><\/p>\n\n\n\n<ul class=\"wp-block-list\" style=\"font-size:16.5px\">\n<li><strong>Revisiter la situation qui te pr\u00e9occupe<\/strong> ou, si tu viens pour un souci qui te semble plus g\u00e9n\u00e9ral, la cibler ensemble.<\/li>\n\n\n\n<li><strong>Identifier le c\u0153ur du probl\u00e8me<\/strong> et mettre en lumi\u00e8re les blocages li\u00e9s qui p\u00e8sent dans ton quotidien.<\/li>\n\n\n\n<li><strong>Prendre conscience des impacts<\/strong> que peut avoir cette probl\u00e9matique dans d&#8217;autres domaines de ta vie.<\/li>\n\n\n\n<li>Voir si tu peux<strong> faire des liens <\/strong>avec ta situation actuelle et ce que tu as d\u00e9j\u00e0 v\u00e9cu.<\/li>\n\n\n\n<li><strong>Te reconnecter \u00e0 ton senti et \u00e0 tes besoins<\/strong> pour d\u00e9finir pr\u00e9cis\u00e9ment le but que tu veux atteindre dans ta situation.<\/li>\n\n\n\n<li><strong>Identifier les obstacles<\/strong> qui t\u2019emp\u00eachent d\u2019atteindre ton objectif.<\/li>\n\n\n\n<li><strong>D\u00e9terminer<\/strong> des actions concr\u00e8tes qui t\u2019aideront \u00e0 faire tes <strong>2 premiers petits pas :<\/strong><br>Le premier vers plus d&#8217;amour pour toi.<br>Le deuxi\u00e8me pour atteindre progressivement ton objectif.<\/li>\n<\/ul>\n\n\n\n<p class=\"has-vivid-green-cyan-color has-text-color\" style=\"font-size:20px\"><strong>Dans quel cas t&#8217;offrir ce temps pour toi ?<\/strong><\/p>\n\n\n\n<div class=\"wp-block-media-text alignwide is-stacked-on-mobile\" style=\"grid-template-columns:34% auto\"><figure class=\"wp-block-media-text__media\"><img loading=\"lazy\" decoding=\"async\" width=\"768\" height=\"1024\" src=\"https:\/\/lucioles-aufildesoi.fr\/wp-content\/uploads\/2022\/07\/IMG_20220622_174047-1-768x1024.jpg\" alt=\"\" class=\"wp-image-203 size-full\" srcset=\"https:\/\/lucioles-aufildesoi.fr\/wp-content\/uploads\/2022\/07\/IMG_20220622_174047-1-768x1024.jpg 768w, https:\/\/lucioles-aufildesoi.fr\/wp-content\/uploads\/2022\/07\/IMG_20220622_174047-1-225x300.jpg 225w, https:\/\/lucioles-aufildesoi.fr\/wp-content\/uploads\/2022\/07\/IMG_20220622_174047-1-1152x1536.jpg 1152w, https:\/\/lucioles-aufildesoi.fr\/wp-content\/uploads\/2022\/07\/IMG_20220622_174047-1-1536x2048.jpg 1536w, https:\/\/lucioles-aufildesoi.fr\/wp-content\/uploads\/2022\/07\/IMG_20220622_174047-1-1170x1560.jpg 1170w, https:\/\/lucioles-aufildesoi.fr\/wp-content\/uploads\/2022\/07\/IMG_20220622_174047-1-scaled.jpg 1920w\" sizes=\"auto, (max-width: 768px) 100vw, 768px\" \/><\/figure><div class=\"wp-block-media-text__content\">\n<p class=\"has-text-align-right\" style=\"font-size:16.5px\">\ud835\ude4e\ud835\ude5e \ud835\ude69\ud835\ude6a \ud835\ude67\ud835\ude5a\ud835\ude63\ud835\ude58\ud835\ude64\ud835\ude63\ud835\ude69\ud835\ude67\ud835\ude5a\ud835\ude68 \ud835\ude59\ud835\ude5a \ud835\ude61\ud835\ude56 \ud835\ude59\ud835\ude5e\ud835\ude5b\ud835\ude5b\ud835\ude5e\ud835\ude58\ud835\ude6a\ud835\ude61\ud835\ude69\ud835\ude5a\u0301 :<br>* \ud835\ude08\ud835\ude37\ud835\ude26\ud835\ude24 \ud835\ude35\ud835\ude30\ud835\ude2f \ud835\ude26\ud835\ude2f\ud835\ude35\ud835\ude30\ud835\ude36\ud835\ude33\ud835\ude22\ud835\ude28\ud835\ude26 : \ud835\ude22\ud835\ude2e\ud835\ude2a\ud835\ude34, \ud835\ude26\ud835\ude2f\ud835\ude27\ud835\ude22\ud835\ude2f\ud835\ude35\ud835\ude34, \ud835\ude31\ud835\ude22\ud835\ude33\ud835\ude26\ud835\ude2f\ud835\ude35\ud835\ude34, \ud835\ude34\ud835\ude31\ud835\ude29\ud835\ude26\u0300\ud835\ude33\ud835\ude26 \ud835\ude22\ud835\ude27\ud835\ude27\ud835\ude26\ud835\ude24\ud835\ude35\ud835\ude2a\ud835\ude37\ud835\ude26<br>* \ud835\ude0b\ud835\ude22\ud835\ude2f\ud835\ude34 \ud835\ude35\ud835\ude22 \ud835\ude24\ud835\ude30\ud835\ude2f\ud835\ude27\ud835\ude2a\ud835\ude22\ud835\ude2f\ud835\ude24\ud835\ude26 \ud835\ude26\ud835\ude35 \ud835\ude26\ud835\ude34\ud835\ude35\ud835\ude2a\ud835\ude2e\ud835\ude26 \ud835\ude25\ud835\ude26 \ud835\ude35\ud835\ude30\ud835\ude2a<br>* \ud835\ude0b\ud835\ude22\ud835\ude2f\ud835\ude34 \ud835\ude35\ud835\ude30\ud835\ude2f \ud835\ude2e\ud835\ude2a\ud835\ude2d\ud835\ude2a\ud835\ude26\ud835\ude36 \ud835\ude31\ud835\ude33\ud835\ude30\ud835\ude27\ud835\ude26\ud835\ude34\ud835\ude34\ud835\ude2a\ud835\ude30\ud835\ude2f\ud835\ude2f\ud835\ude26\ud835\ude2d<br>* \ud835\ude17\ud835\ude30\ud835\ude36\ud835\ude33 \ud835\ude31\ud835\ude30\ud835\ude34\ud835\ude26\ud835\ude33 \/ \ud835\ude27\ud835\ude22\ud835\ude2a\ud835\ude33\ud835\ude26 \ud835\ude33\ud835\ude26\ud835\ude34\ud835\ude31\ud835\ude26\ud835\ude24\ud835\ude35\ud835\ude26\ud835\ude33 \ud835\ude35\ud835\ude26\ud835\ude34 \ud835\ude2d\ud835\ude2a\ud835\ude2e\ud835\ude2a\ud835\ude35\ud835\ude26\ud835\ude34<br>* \ud835\ude0b\ud835\ude22\ud835\ude2f\ud835\ude34 \ud835\ude35\ud835\ude22 \ud835\ude28\ud835\ude26\ud835\ude34\ud835\ude35\ud835\ude2a\ud835\ude30\ud835\ude2f \ud835\ude25\ud835\ude36 \ud835\ude34\ud835\ude35\ud835\ude33\ud835\ude26\ud835\ude34\ud835\ude34 \ud835\ude26\ud835\ude35 \ud835\ude25\ud835\ude26\ud835\ude34 \ud835\ude26\u0301\ud835\ude2e\ud835\ude30\ud835\ude35\ud835\ude2a\ud835\ude30\ud835\ude2f\ud835\ude34<\/p>\n\n\n\n<hr class=\"wp-block-separator has-alpha-channel-opacity\"\/>\n\n\n\n<p style=\"font-size:16.5px\">\ud835\ude4e\ud835\ude5e \ud835\ude69\ud835\ude6a \ud835\ude68\ud835\ude64\ud835\ude6a\ud835\ude5d\ud835\ude56\ud835\ude5e\ud835\ude69\ud835\ude5a\ud835\ude68 :<br>* \ud835\ude19\ud835\ude26\ud835\ude34\ud835\ude31\ud835\ude26\ud835\ude24\ud835\ude35\ud835\ude26\ud835\ude33 \ud835\ude25\u2019\ud835\ude22\ud835\ude37\ud835\ude22\ud835\ude2f\ud835\ude35\ud835\ude22\ud835\ude28\ud835\ude26 \ud835\ude35\ud835\ude26\ud835\ude34 \ud835\ude23\ud835\ude26\ud835\ude34\ud835\ude30\ud835\ude2a\ud835\ude2f\ud835\ude34<br>* \ud835\ude08\ud835\ude31\ud835\ude22\ud835\ude2a\ud835\ude34\ud835\ude26\ud835\ude33 \ud835\ude35\ud835\ude26\ud835\ude2f\ud835\ude34\ud835\ude2a\ud835\ude30\ud835\ude2f\ud835\ude34 \ud835\ude26\ud835\ude35 \ud835\ude24\ud835\ude30\ud835\ude2f\ud835\ude27\ud835\ude2d\ud835\ude2a\ud835\ude35\ud835\ude34<br>* \ud835\ude14\ud835\ude2a\ud835\ude26\ud835\ude36\ud835\ude39 \ud835\ude24\ud835\ude30\ud835\ude2e\ud835\ude31\ud835\ude33\ud835\ude26\ud835\ude2f\ud835\ude25\ud835\ude33\ud835\ude26 \ud835\ude35\ud835\ude26\ud835\ude34 \ud835\ude26\u0301\ud835\ude2e\ud835\ude30\ud835\ude35\ud835\ude2a\ud835\ude30\ud835\ude2f\ud835\ude34<br>* \ud835\ude19\ud835\ude26-\ud835\ude25\ud835\ude26\u0301\ud835\ude24\ud835\ude30\ud835\ude36\ud835\ude37\ud835\ude33\ud835\ude2a\ud835\ude33 \ud835\ude26\ud835\ude35 \ud835\ude30\ud835\ude34\ud835\ude26\ud835\ude33 \ud835\ude26\u0302\ud835\ude35\ud835\ude33\ud835\ude26 \ud835\ude31\ud835\ude2d\ud835\ude26\ud835\ude2a\ud835\ude2f\ud835\ude26\ud835\ude2e\ud835\ude26\ud835\ude2f\ud835\ude35 \ud835\ude35\ud835\ude30\ud835\ude2a \ud835\ude2e\ud835\ude26\u0302\ud835\ude2e\ud835\ude26<br>* \ud835\ude0b\ud835\ude26\u0301\ud835\ude37\ud835\ude26\ud835\ude2d\ud835\ude30\ud835\ude31\ud835\ude31\ud835\ude26\ud835\ude33 \ud835\ude35\ud835\ude22 \ud835\ude24\ud835\ude33\ud835\ude26\u0301\ud835\ude22\ud835\ude35\ud835\ude2a\ud835\ude37\ud835\ude2a\ud835\ude35\ud835\ude26\u0301, \ud835\ude2e\ud835\ude26\ud835\ude2f\ud835\ude26\ud835\ude33 \ud835\ude35\ud835\ude26\ud835\ude34 \ud835\ude31\ud835\ude33\ud835\ude30\ud835\ude2b\ud835\ude26\ud835\ude35\ud835\ude34<br>* \ud835\ude0c\u0302\ud835\ude35\ud835\ude33\ud835\ude26 \ud835\ude31\ud835\ude2d\ud835\ude36\ud835\ude34 \ud835\ude34\ud835\ude26\ud835\ude33\ud835\ude26\ud835\ude2a\ud835\ude2f\u00b7\ud835\ude26 \ud835\ude25\ud835\ude22\ud835\ude2f\ud835\ude34 \ud835\ude35\ud835\ude26\ud835\ude34 \ud835\ude24\ud835\ude29\ud835\ude30\ud835\ude2a\ud835\ude39 \ud835\ude25\ud835\ude26 \ud835\ude37\ud835\ude2a\ud835\ude26<br>* <em>Te r\ud835\ude26-<\/em>\ud835\ude24\ud835\ude30\ud835\ude2f\ud835\ude2f\ud835\ude26\ud835\ude24\ud835\ude35\ud835\ude26\ud835\ude33 \ud835\ude22\ud835\ude37\ud835\ude26\ud835\ude24<em> ce qui est<\/em> \ud835\ude26\ud835\ude34\ud835\ude34\ud835\ude26\ud835\ude2f\ud835\ude35\ud835\ude2a\ud835\ude26\ud835\ude2d \ud835\ude31\ud835\ude30\ud835\ude36\ud835\ude33 \ud835\ude35\ud835\ude30\ud835\ude2a<br>* \ud835\ude0b\ud835\ude26\u0301\ud835\ude2f\ud835\ude30\ud835\ude36\ud835\ude26\ud835\ude33 \ud835\ude2d\ud835\ude26\ud835\ude34 \ud835\ude23\ud835\ude2d\ud835\ude30\ud835\ude24\ud835\ude22\ud835\ude28\ud835\ude26\ud835\ude34 \ud835\ude26\u0301\ud835\ude2e\ud835\ude30\ud835\ude35\ud835\ude2a\ud835\ude30\ud835\ude2f\ud835\ude2f\ud835\ude26\ud835\ude2d\ud835\ude34 \ud835\ude25\ud835\ude26\ud835\ude33\ud835\ude33\ud835\ude2a\ud835\ude26\u0300\ud835\ude33\ud835\ude26 \ud835\ude2d\ud835\ude26\ud835\ude34 \ud835\ude2e\ud835\ude22\ud835\ude36\ud835\ude39 \ud835\ude31\ud835\ude29\ud835\ude3a\ud835\ude34\ud835\ude2a\ud835\ude32\ud835\ude36\ud835\ude26\ud835\ude34<br>* \ud835\ude08\ud835\ude31\ud835\ude22\ud835\ude2a\ud835\ude34\ud835\ude26\ud835\ude33 \ud835\ude26\ud835\ude35 \ud835\ude22\ud835\ude31\ud835\ude31\ud835\ude33\ud835\ude2a\ud835\ude37\ud835\ude30\ud835\ude2a\ud835\ude34\ud835\ude26\ud835\ude33 \ud835\ude34\ud835\ude35\ud835\ude33\ud835\ude26\ud835\ude34\ud835\ude34, \ud835\ude24\ud835\ude36\ud835\ude2d\ud835\ude31\ud835\ude22\ud835\ude23\ud835\ude2a\ud835\ude2d\ud835\ude2a\ud835\ude35\ud835\ude26\u0301, \ud835\ude24\ud835\ude30\ud835\ude2d\ud835\ude26\u0300\ud835\ude33\ud835\ude26, \ud835\ude31\ud835\ude29\ud835\ude30\ud835\ude23\ud835\ude2a\ud835\ude26\ud835\ude34, \ud835\ude29\ud835\ude3a\ud835\ude31\ud835\ude26\ud835\ude33-\ud835\ude34\ud835\ude26\ud835\ude2f\ud835\ude34\ud835\ude2a\ud835\ude23\ud835\ude2a\ud835\ude2d\ud835\ude2a\ud835\ude35\ud835\ude26\u0301&#8230;.<\/p>\n<\/div><\/div>\n\n\n\n<p class=\"has-vivid-green-cyan-color has-text-color\" style=\"font-size:20px\">\u00c0 qui s&#8217;adresse cette accompagnement ?<\/p>\n\n\n\n<figure class=\"wp-block-gallery has-nested-images columns-default is-cropped wp-block-gallery-1 is-layout-flex wp-block-gallery-is-layout-flex\">\n<figure class=\"wp-block-image size-large\"><img loading=\"lazy\" decoding=\"async\" width=\"1920\" height=\"2560\" data-id=\"67\" src=\"https:\/\/lucioles-aufildesoi.fr\/wp-content\/uploads\/2022\/07\/IMG_3801-scaled.jpg\" alt=\"\" class=\"wp-image-67\" srcset=\"https:\/\/lucioles-aufildesoi.fr\/wp-content\/uploads\/2022\/07\/IMG_3801-scaled.jpg 1920w, https:\/\/lucioles-aufildesoi.fr\/wp-content\/uploads\/2022\/07\/IMG_3801-225x300.jpg 225w, https:\/\/lucioles-aufildesoi.fr\/wp-content\/uploads\/2022\/07\/IMG_3801-768x1024.jpg 768w, https:\/\/lucioles-aufildesoi.fr\/wp-content\/uploads\/2022\/07\/IMG_3801-1152x1536.jpg 1152w, https:\/\/lucioles-aufildesoi.fr\/wp-content\/uploads\/2022\/07\/IMG_3801-1536x2048.jpg 1536w, https:\/\/lucioles-aufildesoi.fr\/wp-content\/uploads\/2022\/07\/IMG_3801-1170x1560.jpg 1170w\" sizes=\"auto, (max-width: 1920px) 100vw, 1920px\" \/><figcaption class=\"wp-element-caption\">Adultes<\/figcaption><\/figure>\n\n\n\n<figure class=\"wp-block-image size-large\"><img loading=\"lazy\" decoding=\"async\" width=\"199\" height=\"253\" data-id=\"66\" src=\"https:\/\/lucioles-aufildesoi.fr\/wp-content\/uploads\/2022\/07\/index.jpeg\" alt=\"\" class=\"wp-image-66\"\/><figcaption class=\"wp-element-caption\">Adolescent\u00b7e\u00b7s<\/figcaption><\/figure>\n\n\n\n<figure class=\"wp-block-image size-full\"><img loading=\"lazy\" decoding=\"async\" width=\"204\" height=\"247\" data-id=\"302\" src=\"https:\/\/lucioles-aufildesoi.fr\/wp-content\/uploads\/2022\/08\/couple-3.jpe\" alt=\"\" class=\"wp-image-302\"\/><figcaption class=\"wp-element-caption\">&#8220;Couples&#8221;<\/figcaption><\/figure>\n<\/figure>\n\n\n\n<p style=\"font-size:16.5px\">Cette structure d&#8217;accompagnement s\u2019adresse \u00e0 toi, si tu souhaites am\u00e9liorer ta qualit\u00e9 de vie en d\u00e9veloppant tes ressources personnelles. Que tu sois adulte, adolescent\u00b7e ou un &#8220;couple&#8221; voulant avancer ensemble <em>(*poly-frendly)<\/em> &#8230;  Peu importe ton sexe, ton genre, voire parfois m\u00eame ton \u00e2ge si tu es r\u00e9ellement d\u00e9sireux de te sentir mieux. Toutefois il est important de faire la diff\u00e9rence entre un accompagnement en relation d&#8217;aide et une psychoth\u00e9rapie, laquelle permet de soigner des soucis de sant\u00e9 mentale.<\/p>\n\n\n\n<p class=\"has-light-green-cyan-color has-text-color\" style=\"font-size:16.5px\"><a href=\"https:\/\/lucioles-aufildesoi.fr\/?page_id=167\">&#8211;&gt; Consulter mon \u00e9thique<\/a><br><a href=\"https:\/\/lucioles-aufildesoi.fr\/?page_id=87\">&#8211;&gt; Consulter la d\u00e9marche et les outils propos\u00e9s<\/a><\/p>\n\n\n\n<p class=\"has-foreground-color has-luminous-vivid-amber-background-color has-text-color has-background\"><strong>Dur\u00e9e : en moyenne 1h30 <\/strong>(1h max pour ado)<strong><br>Tarif : 60 \u20ac <\/strong>(50\u20ac pour ado) &#8211; <strong>30 premi\u00e8res minutes offertes ! <\/strong><br><strong>Lieux : A <a href=\"https:\/\/maps.app.goo.gl\/Qj5m8t1HpDxKCBKdA\">Linod 01260<\/a>| <\/strong><a href=\"https:\/\/maps.app.goo.gl\/keTEefMtHGnVa7pi7\">Belley 01300<\/a><strong> | <a href=\"https:\/\/www.google.fr\/maps\/place\/1+Rue+Salteur,+73000+Chamb%C3%A9ry\/@45.5668614,5.9211834,17z\/data=!3m1!4b1!4m6!3m5!1s0x478ba8fbde725e3f:0x9ee27b66e9ad21d6!8m2!3d45.5668614!4d5.9237583!16s%2Fg%2F11cslqm8lp?entry=ttu\">Chamb\u00e9ry 73000<\/a> |<\/strong> En ligne via zoom<\/p>\n\n\n\n<div class=\"wp-block-buttons is-layout-flex wp-block-buttons-is-layout-flex\">\n<div class=\"wp-block-button\"><a class=\"wp-block-button__link has-foreground-color has-luminous-vivid-amber-background-color has-text-color has-background wp-element-button\" href=\"https:\/\/lucioles-aufildesoi.fr\/?page_id=245\">R\u00e9server une s\u00e9ance<\/a><\/div>\n<\/div>\n\n\n\n<div style=\"height:12px\" aria-hidden=\"true\" class=\"wp-block-spacer\"><\/div>\n\n\n\n<hr class=\"wp-block-separator has-alpha-channel-opacity\"\/>\n\n\n\n<p class=\"has-text-align-center has-background has-small-font-size\" style=\"background-color:#d4f78d73\"><strong> &#8221; Est-ce le bon moment et la bonne personne pour prendre soin de moi dans ce que je vis ? &#8220;<\/strong><br><br><em>Tu h\u00e9sites ? te questionnes ?<br>Je t&#8217;offre de quoi cheminer de ton c\u00f4t\u00e9, pour te d\u00e9poser, faire le point. <br>C&#8217;est sans engagement, gratuit et \u00e7a te prendras entre 5 et 10 min <\/em><br><strong>(*)<\/strong> \ud835\udc5d\ud835\udc52\ud835\udc61\ud835\udc56\ud835\udc61 \ud835\udc50\ud835\udc4e\ud835\udc51\ud835\udc52\ud835\udc4e\ud835\udc62 \ud835\udc4e\u0300 \ud835\udc59\ud835\udc4e \ud835\udc53\ud835\udc56\ud835\udc5b \ud835\udc51\ud835\udc52 \ud835\udc50\ud835\udc52 &#8220;\ud835\udc5e\ud835\udc62\ud835\udc52\ud835\udc60\ud835\udc61\ud835\udc56\ud835\udc5c\ud835\udc5b\ud835\udc5b\ud835\udc4e\ud835\udc56\ud835\udc5f\ud835\udc52 \ud835\udc63\ud835\udc5c\ud835\udc66\ud835\udc4e\ud835\udc54\ud835\udc52&#8221;<\/p>\n\n\n\n<div class=\"wp-block-buttons is-content-justification-center is-layout-flex wp-container-core-buttons-is-layout-a89b3969 wp-block-buttons-is-layout-flex\">\n<div class=\"wp-block-button\"><a class=\"wp-block-button__link has-text-regular-color has-text-color has-background has-link-color wp-element-button\" href=\"https:\/\/docs.google.com\/forms\/d\/1PeS_iEGK6UHQjYqYYop2pKp0id3JH4WPJTRzNPTeTrI\/edit\" style=\"background-color:#b2fc00\">Je fais le test gratuit<\/a><\/div>\n<\/div>\n","protected":false},"excerpt":{"rendered":"<p>La s\u00e9ance de consultation globale Cette consultation est le plus souvent la formule de notre premi\u00e8re rencontre. Elle permet de faire connaissance, d&#8217;identifier le probl\u00e8me v\u00e9ritable dans ta situation et [&hellip;]<\/p>\n","protected":false},"author":1,"featured_media":0,"parent":0,"menu_order":0,"comment_status":"closed","ping_status":"closed","template":"","meta":{"_EventAllDay":false,"_EventTimezone":"","_EventStartDate":"","_EventEndDate":"","_EventStartDateUTC":"","_EventEndDateUTC":"","_EventShowMap":false,"_EventShowMapLink":false,"_EventURL":"","_EventCost":"","_EventCostDescription":"","_EventCurrencySymbol":"","_EventCurrencyCode":"","_EventCurrencyPosition":"","_EventDateTimeSeparator":"","_EventTimeRangeSeparator":"","_EventOrganizerID":[],"_EventVenueID":[],"_OrganizerEmail":"","_OrganizerPhone":"","_OrganizerWebsite":"","_VenueAddress":"","_VenueCity":"","_VenueCountry":"","_VenueProvince":"","_VenueState":"","_VenueZip":"","_VenuePhone":"","_VenueURL":"","_VenueStateProvince":"","_VenueLat":"","_VenueLng":"","_VenueShowMap":false,"_VenueShowMapLink":false,"_glsr_average":0,"_glsr_ranking":0,"_glsr_reviews":0,"footnotes":""},"class_list":["post-189","page","type-page","status-publish","hentry"],"jetpack_sharing_enabled":true,"_links":{"self":[{"href":"https:\/\/lucioles-aufildesoi.fr\/index.php\/wp-json\/wp\/v2\/pages\/189","targetHints":{"allow":["GET"]}}],"collection":[{"href":"https:\/\/lucioles-aufildesoi.fr\/index.php\/wp-json\/wp\/v2\/pages"}],"about":[{"href":"https:\/\/lucioles-aufildesoi.fr\/index.php\/wp-json\/wp\/v2\/types\/page"}],"author":[{"embeddable":true,"href":"https:\/\/lucioles-aufildesoi.fr\/index.php\/wp-json\/wp\/v2\/users\/1"}],"replies":[{"embeddable":true,"href":"https:\/\/lucioles-aufildesoi.fr\/index.php\/wp-json\/wp\/v2\/comments?post=189"}],"version-history":[{"count":38,"href":"https:\/\/lucioles-aufildesoi.fr\/index.php\/wp-json\/wp\/v2\/pages\/189\/revisions"}],"predecessor-version":[{"id":1003,"href":"https:\/\/lucioles-aufildesoi.fr\/index.php\/wp-json\/wp\/v2\/pages\/189\/revisions\/1003"}],"wp:attachment":[{"href":"https:\/\/lucioles-aufildesoi.fr\/index.php\/wp-json\/wp\/v2\/media?parent=189"}],"curies":[{"name":"wp","href":"https:\/\/api.w.org\/{rel}","templated":true}]}}