{"id":1844,"date":"2024-11-28T15:06:17","date_gmt":"2024-11-28T14:06:17","guid":{"rendered":"https:\/\/lucioles-aufildesoi.fr\/?page_id=1844"},"modified":"2024-11-28T15:06:17","modified_gmt":"2024-11-28T14:06:17","slug":"instant-jaserie-en-mouvement","status":"publish","type":"page","link":"https:\/\/lucioles-aufildesoi.fr\/index.php\/instant-jaserie-en-mouvement\/","title":{"rendered":"Instant Jaserie en mouvement !"},"content":{"rendered":"\n<div class=\"wp-block-cover aligncenter is-light\"><span aria-hidden=\"true\" class=\"wp-block-cover__background has-background-dim\" style=\"background-color:#937e74\"><\/span><img loading=\"lazy\" decoding=\"async\" width=\"520\" height=\"390\" class=\"wp-block-cover__image-background wp-image-1850\" alt=\"\" src=\"https:\/\/lucioles-aufildesoi.fr\/wp-content\/uploads\/2024\/11\/IMG-20240912-WA0016.jpg\" style=\"object-position:33% 53%\" data-object-fit=\"cover\" data-object-position=\"33% 53%\" srcset=\"https:\/\/lucioles-aufildesoi.fr\/wp-content\/uploads\/2024\/11\/IMG-20240912-WA0016.jpg 520w, https:\/\/lucioles-aufildesoi.fr\/wp-content\/uploads\/2024\/11\/IMG-20240912-WA0016-300x225.jpg 300w\" sizes=\"auto, (max-width: 520px) 100vw, 520px\" \/><div class=\"wp-block-cover__inner-container is-layout-constrained wp-block-cover-is-layout-constrained\">\n<p class=\"has-text-align-center has-large-font-size\"><\/p>\n<\/div><\/div>\n\n\n\n<div class=\"wp-block-group is-layout-constrained wp-block-group-is-layout-constrained\">\n<h1 class=\"wp-block-heading alignwide is-style-default has-luminous-vivid-orange-color has-text-color has-link-color wp-elements-75ce0b2a01f5bc46df4be516277d67c0\">C&#8217;est quoi un atelier Jaserie !?<\/h1>\n\n\n\n<hr class=\"wp-block-separator alignwide has-text-color has-luminous-vivid-orange-color has-alpha-channel-opacity has-luminous-vivid-orange-background-color has-background is-style-default\" style=\"margin-top:var(--wp--preset--spacing--30);margin-bottom:var(--wp--preset--spacing--30)\"\/>\n\n\n\n<blockquote class=\"wp-block-quote is-layout-flow wp-block-quote-is-layout-flow\">\n<p>Un moment d&#8217;\u00e9change ludique et en mouvement<br>pour ouvrir la parole et nos angles de vue sur des sujets parfois clivants, afin de s&#8217;enrichir les un.es les autres et faire humanit\u00e9 !<\/p>\n<\/blockquote>\n\n\n\n<p class=\"has-text-align-center\"><em><strong>Ce n&#8217;est pas une conf\u00e9rence, pas juste un atelier, ni un cercle de parole !<br>C&#8217;est le meilleur de tout \u00e7a et + encore, c&#8217;est unique &lt;3<\/strong><\/em><\/p>\n\n\n\n<h2 class=\"wp-block-heading\">L&#8217;intention<\/h2>\n\n\n\n<p>\u2705<strong>Partager pour mieux se relier<\/strong> VS diviser pour mieux r\u00e9gner !<br>\u2705<strong>Cocr\u00e9er ensemble vers des possibles<\/strong> VS Lutter contre et vouloir convaincre !<br>\u2705<strong>Un format ludique, d\u00e9contract\u00e9 et en mouvement<\/strong> VS un cercle de parole assis<br>\u2705<strong>Format qui permet \u00e0 tous de s&#8217;exprimer gr\u00e2ce au d\u00e9bat  mouvant<\/strong> VS ne pas entendre ce qui n&#8217;osent pas toujours prendre la paroles en groupe.<br><mark style=\"background-color:rgba(0, 0, 0, 0);color:#e3a349\" class=\"has-inline-color\"><strong>Et surtout !<\/strong><\/mark><br>\u2705<strong>Des partages conviviaux sans enjeux,<\/strong> pour \u00eatre humain et oser rire et s&#8217;enrichir de nos diff\u00e9rences.<\/p>\n\n\n\n<h2 class=\"wp-block-heading\">L&#8217;invitation<\/h2>\n\n\n\n<p>\ud83d\udd301 sujet du jour de pr\u00e9f\u00e9rence Tabou\/clivant\/d&#8217;actualit\u00e9\/du quotidien !<br><em><mark style=\"background-color:rgba(0, 0, 0, 0);color:#edab51\" class=\"has-inline-color\">(ex pass\u00e9s : L&#8217;amour on en parle ? | \u00catre femme ? | Si on s&#8217;autorisait \u00e0 faire ce qui nous pla\u00eet ? | etc&#8230;.)<\/mark><\/em><br>\ud83d\udd30Se rendre compte que tout n&#8217;est pas noir ou blanc mais fait de nuances<br>\ud83d\udd30Je garantis la possibilit\u00e9 \u00e0 tous de s&#8217;exprimer, favorise les \u00e9changes constructifs, profond et authentique. (oui \u00e7a peut \u00eatre chaleureux, amusant et profond !)<\/p>\n\n\n\n<h2 class=\"wp-block-heading\">A qui \u00e7a s&#8217;adresse ?<\/h2>\n\n\n\n<p>\ud83d\udccd<strong>C&#8217;est tout public !<\/strong> Du moment que tu es en \u00e2ge de parler et de te &#8220;d\u00e9placer&#8221;.<br>\ud83d\udccdC&#8217;est riche de venir avec nos <strong>&#8220;grands&#8221; enfants et ados !<\/strong><br>\ud83d\udccdC&#8217;est pour toi si tu es <strong>de nature curieuse<\/strong> et aimes \u00e9changer, t&#8217;enrichir de ce vaste monde !<br>\ud83d\udccdC&#8217;est pour toi <strong>si tu aimes \u00e9changer avec les humains<\/strong> mais que prendre la paroles ou donner ton avis, partager ton v\u00e9cus n&#8217;est pas toujours ais\u00e9.<br>\ud83d\udccdEt si tu as envie de pouvoir y trouver <strong>du fun <\/strong>plut\u00f4t que rester juste assis derri\u00e8re une table !<\/p>\n\n\n\n<h2 class=\"wp-block-heading has-luminous-vivid-orange-color has-text-color has-link-color wp-elements-47a79072cc8618b9d388c656244a4cb6\">Ca ce passe comment ?<\/h2>\n\n\n\n<hr class=\"wp-block-separator alignwide has-text-color has-luminous-vivid-orange-color has-alpha-channel-opacity has-luminous-vivid-orange-background-color has-background is-style-default\" style=\"margin-top:var(--wp--preset--spacing--30);margin-bottom:var(--wp--preset--spacing--30)\"\/>\n\n\n\n<h2 class=\"wp-block-heading\">Le format<\/h2>\n\n\n\n<p>\ud83d\udd30Ev\u00e9nement qui dure <strong>entre 1h et 1h30<\/strong> (annonc\u00e9 en amont)<br>\ud83d\udd30Une jaserie <strong>sur fond de Jazz !<\/strong> playlist de fond sur cette musique embl\u00e9matique de revendication des libert\u00e9s !<br>\ud83d\udd30<strong>Souvent en &#8220;3 temps&#8221; :<\/strong><br><strong>*<\/strong> <strong> On d\u00e9pose le sujet du jour<\/strong> avec chacun notre vision de fa\u00e7on ludique, on plante le d\u00e9cor quoi !<br>*<strong> C&#8217;est partie pour un d\u00e9bat mouvant<\/strong> que j&#8217;aurais pr\u00e9par\u00e9 sur le sujet<br><strong>* On finit sur le sujet soit par des &#8220;jeux&#8221; ludique, <\/strong>en mouvement, parfois \u00e0 travers un support de piste de r\u00e9flexion pour la suite de votre existence (rien que \u00e7a !)<\/p>\n\n\n\n<h2 class=\"wp-block-heading\">Les ingr\u00e9dients d&#8217;animation<\/h2>\n\n\n\n<ul class=\"wp-block-list\">\n<li><strong>Le d\u00e9bat mouvant<\/strong><\/li>\n<\/ul>\n\n\n\n<figure class=\"wp-block-gallery has-nested-images columns-default is-cropped wp-block-gallery-1 is-layout-flex wp-block-gallery-is-layout-flex\">\n<figure class=\"wp-block-image size-large\"><img loading=\"lazy\" decoding=\"async\" width=\"1024\" height=\"1024\" data-id=\"1846\" src=\"https:\/\/lucioles-aufildesoi.fr\/wp-content\/uploads\/2024\/11\/Debat-mouvant-description-2-2-1024x1024.jpg\" alt=\"\" class=\"wp-image-1846\" srcset=\"https:\/\/lucioles-aufildesoi.fr\/wp-content\/uploads\/2024\/11\/Debat-mouvant-description-2-2-1024x1024.jpg 1024w, https:\/\/lucioles-aufildesoi.fr\/wp-content\/uploads\/2024\/11\/Debat-mouvant-description-2-2-300x300.jpg 300w, https:\/\/lucioles-aufildesoi.fr\/wp-content\/uploads\/2024\/11\/Debat-mouvant-description-2-2-150x150.jpg 150w, https:\/\/lucioles-aufildesoi.fr\/wp-content\/uploads\/2024\/11\/Debat-mouvant-description-2-2-768x768.jpg 768w, https:\/\/lucioles-aufildesoi.fr\/wp-content\/uploads\/2024\/11\/Debat-mouvant-description-2-2.jpg 1080w\" sizes=\"auto, (max-width: 1024px) 100vw, 1024px\" \/><\/figure>\n\n\n\n<figure class=\"wp-block-image size-large\"><img loading=\"lazy\" decoding=\"async\" width=\"1024\" height=\"1024\" data-id=\"1845\" src=\"https:\/\/lucioles-aufildesoi.fr\/wp-content\/uploads\/2024\/11\/Debat-mouvant-description-2-1-1024x1024.jpg\" alt=\"\" class=\"wp-image-1845\" srcset=\"https:\/\/lucioles-aufildesoi.fr\/wp-content\/uploads\/2024\/11\/Debat-mouvant-description-2-1-1024x1024.jpg 1024w, https:\/\/lucioles-aufildesoi.fr\/wp-content\/uploads\/2024\/11\/Debat-mouvant-description-2-1-300x300.jpg 300w, https:\/\/lucioles-aufildesoi.fr\/wp-content\/uploads\/2024\/11\/Debat-mouvant-description-2-1-150x150.jpg 150w, https:\/\/lucioles-aufildesoi.fr\/wp-content\/uploads\/2024\/11\/Debat-mouvant-description-2-1-768x768.jpg 768w, https:\/\/lucioles-aufildesoi.fr\/wp-content\/uploads\/2024\/11\/Debat-mouvant-description-2-1.jpg 1080w\" sizes=\"auto, (max-width: 1024px) 100vw, 1024px\" \/><\/figure>\n<\/figure>\n\n\n\n<p>Selon l&#8217;espace disponible dans le lieu choisis, le d\u00e9bat mouvant se fait debout, parfois en musique, sinon de fa\u00e7on ludique quand m\u00eame avec des petites figurines qui nous repr\u00e9sentent !<\/p>\n\n\n\n<h2 class=\"wp-block-heading has-luminous-vivid-orange-color has-text-color has-link-color wp-elements-0c529ddb003b10b28fb1181ec8604e30\">Prochaines dates &amp; lieux<\/h2>\n\n\n\n<hr class=\"wp-block-separator alignwide has-text-color has-luminous-vivid-orange-color has-alpha-channel-opacity has-luminous-vivid-orange-background-color has-background is-style-default\" style=\"margin-top:var(--wp--preset--spacing--30);margin-bottom:var(--wp--preset--spacing--30)\"\/>\n\n\n\n<p class=\"has-foreground-color has-text-color has-background has-link-color wp-elements-ce2e790cfa9041baf560e312c833563c\" style=\"background-color:#f6d394\"><strong>Dimanche 08 D\u00e9cembre 2024 &#8211; Bourget du Lac (73)<\/strong><br>Pour les portes ouvertes de No\u00ebl \u00e0 l&#8217;espace Anjali<br>ATELIER JASERIE OFFERT  ! <br>11h \u00e0 12h<\/p>\n\n\n\n<h2 class=\"wp-block-heading has-luminous-vivid-orange-color has-text-color has-link-color wp-elements-f1b015d5a31b5acf60d01d0a18a94661\">Ev\u00e9nements pass\u00e9s<\/h2>\n\n\n\n<hr class=\"wp-block-separator alignwide has-text-color has-luminous-vivid-orange-color has-alpha-channel-opacity has-luminous-vivid-orange-background-color has-background is-style-default\" style=\"margin-top:var(--wp--preset--spacing--30);margin-bottom:var(--wp--preset--spacing--30)\"\/>\n\n\n\n<ul class=\"wp-block-list\">\n<li>07\/11\/24<em> &#8220;Et si on s&#8217;autorisait \u00e0 faire ce qui nous pla\u00eet !?&#8221;<\/em> (Le Bourget-du-Lac)<\/li>\n\n\n\n<li>22\/05\/24 <em>&#8220;Et si on s&#8217;autorisait \u00e0 faire ce qui nous pla\u00eet !?&#8221;<\/em> (Belley)<\/li>\n\n\n\n<li>07\/03\/24 <em>&#8220;\u00catre femme ?!&#8221;<\/em> (Chamb\u00e9ry &#8211; WAD)<\/li>\n\n\n\n<li>14\/02\/24<em> &#8220;Les zamours, on en parle ?!&#8221;<\/em> (Chamb\u00e9ry &#8211; WAD)<\/li>\n<\/ul>\n<\/div>\n\n\n\n<div class=\"wp-block-jetpack-tiled-gallery aligncenter is-style-rectangular\"><div class=\"tiled-gallery__gallery\"><div class=\"tiled-gallery__row\"><div class=\"tiled-gallery__col\" style=\"flex-basis:43.09989%\"><figure class=\"tiled-gallery__item\"><img decoding=\"async\" srcset=\"https:\/\/i0.wp.com\/lucioles-aufildesoi.fr\/wp-content\/uploads\/2024\/11\/IMG-20240912-WA0009.jpg?strip=info&#038;w=520&#038;ssl=1 520w\" alt=\"\" data-height=\"390\" data-id=\"1855\" data-link=\"https:\/\/lucioles-aufildesoi.fr\/?attachment_id=1855\" data-url=\"https:\/\/lucioles-aufildesoi.fr\/wp-content\/uploads\/2024\/11\/IMG-20240912-WA0009.jpg\" data-width=\"520\" src=\"https:\/\/i0.wp.com\/lucioles-aufildesoi.fr\/wp-content\/uploads\/2024\/11\/IMG-20240912-WA0009.jpg?ssl=1\" data-amp-layout=\"responsive\"\/><\/figure><figure class=\"tiled-gallery__item\"><img decoding=\"async\" srcset=\"https:\/\/i1.wp.com\/lucioles-aufildesoi.fr\/wp-content\/uploads\/2024\/11\/JAserie-BOURGET-fais-ce-quil-te-plait-1024x1024.jpg?strip=info&#038;w=600&#038;ssl=1 600w,https:\/\/i1.wp.com\/lucioles-aufildesoi.fr\/wp-content\/uploads\/2024\/11\/JAserie-BOURGET-fais-ce-quil-te-plait-1024x1024.jpg?strip=info&#038;w=900&#038;ssl=1 900w,https:\/\/i1.wp.com\/lucioles-aufildesoi.fr\/wp-content\/uploads\/2024\/11\/JAserie-BOURGET-fais-ce-quil-te-plait-1024x1024.jpg?strip=info&#038;w=1080&#038;ssl=1 1080w\" alt=\"\" data-height=\"1080\" data-id=\"1861\" data-link=\"https:\/\/lucioles-aufildesoi.fr\/?attachment_id=1861\" data-url=\"https:\/\/lucioles-aufildesoi.fr\/wp-content\/uploads\/2024\/11\/JAserie-BOURGET-fais-ce-quil-te-plait-1024x1024.jpg\" data-width=\"1080\" src=\"https:\/\/i1.wp.com\/lucioles-aufildesoi.fr\/wp-content\/uploads\/2024\/11\/JAserie-BOURGET-fais-ce-quil-te-plait-1024x1024.jpg?ssl=1\" data-amp-layout=\"responsive\"\/><\/figure><\/div><div class=\"tiled-gallery__col\" style=\"flex-basis:56.90011%\"><figure class=\"tiled-gallery__item\"><img decoding=\"async\" srcset=\"https:\/\/i1.wp.com\/lucioles-aufildesoi.fr\/wp-content\/uploads\/2024\/11\/IMG-20240912-WA0010.jpg?strip=info&#038;w=390&#038;ssl=1 390w\" alt=\"\" data-height=\"520\" data-id=\"1854\" data-link=\"https:\/\/lucioles-aufildesoi.fr\/?attachment_id=1854\" data-url=\"https:\/\/lucioles-aufildesoi.fr\/wp-content\/uploads\/2024\/11\/IMG-20240912-WA0010.jpg\" data-width=\"390\" src=\"https:\/\/i1.wp.com\/lucioles-aufildesoi.fr\/wp-content\/uploads\/2024\/11\/IMG-20240912-WA0010.jpg?ssl=1\" data-amp-layout=\"responsive\"\/><\/figure><\/div><\/div><div class=\"tiled-gallery__row\"><div class=\"tiled-gallery__col\" style=\"flex-basis:34.59853%\"><figure class=\"tiled-gallery__item\"><img decoding=\"async\" srcset=\"https:\/\/i1.wp.com\/lucioles-aufildesoi.fr\/wp-content\/uploads\/2024\/11\/JaZzzerie-femmes-1-1024x1024.jpg?strip=info&#038;w=600&#038;ssl=1 600w,https:\/\/i1.wp.com\/lucioles-aufildesoi.fr\/wp-content\/uploads\/2024\/11\/JaZzzerie-femmes-1-1024x1024.jpg?strip=info&#038;w=900&#038;ssl=1 900w,https:\/\/i1.wp.com\/lucioles-aufildesoi.fr\/wp-content\/uploads\/2024\/11\/JaZzzerie-femmes-1-1024x1024.jpg?strip=info&#038;w=1080&#038;ssl=1 1080w\" alt=\"\" data-height=\"1080\" data-id=\"1859\" data-link=\"https:\/\/lucioles-aufildesoi.fr\/?attachment_id=1859\" data-url=\"https:\/\/lucioles-aufildesoi.fr\/wp-content\/uploads\/2024\/11\/JaZzzerie-femmes-1-1024x1024.jpg\" data-width=\"1080\" src=\"https:\/\/i1.wp.com\/lucioles-aufildesoi.fr\/wp-content\/uploads\/2024\/11\/JaZzzerie-femmes-1-1024x1024.jpg?ssl=1\" data-amp-layout=\"responsive\"\/><\/figure><figure class=\"tiled-gallery__item\"><img decoding=\"async\" srcset=\"https:\/\/i0.wp.com\/lucioles-aufildesoi.fr\/wp-content\/uploads\/2024\/11\/IMG-20240912-WA0017.jpg?strip=info&#038;w=520&#038;ssl=1 520w\" alt=\"\" data-height=\"390\" data-id=\"1856\" data-link=\"https:\/\/lucioles-aufildesoi.fr\/?attachment_id=1856\" data-url=\"https:\/\/lucioles-aufildesoi.fr\/wp-content\/uploads\/2024\/11\/IMG-20240912-WA0017.jpg\" data-width=\"520\" src=\"https:\/\/i0.wp.com\/lucioles-aufildesoi.fr\/wp-content\/uploads\/2024\/11\/IMG-20240912-WA0017.jpg?ssl=1\" data-amp-layout=\"responsive\"\/><\/figure><figure class=\"tiled-gallery__item\"><img decoding=\"async\" srcset=\"https:\/\/i1.wp.com\/lucioles-aufildesoi.fr\/wp-content\/uploads\/2024\/11\/IMG-20240912-WA0019.jpg?strip=info&#038;w=520&#038;ssl=1 520w\" alt=\"\" data-height=\"390\" data-id=\"1857\" data-link=\"https:\/\/lucioles-aufildesoi.fr\/?attachment_id=1857\" data-url=\"https:\/\/lucioles-aufildesoi.fr\/wp-content\/uploads\/2024\/11\/IMG-20240912-WA0019.jpg\" data-width=\"520\" src=\"https:\/\/i1.wp.com\/lucioles-aufildesoi.fr\/wp-content\/uploads\/2024\/11\/IMG-20240912-WA0019.jpg?ssl=1\" data-amp-layout=\"responsive\"\/><\/figure><\/div><div class=\"tiled-gallery__col\" style=\"flex-basis:65.40147%\"><figure class=\"tiled-gallery__item\"><img decoding=\"async\" srcset=\"https:\/\/i0.wp.com\/lucioles-aufildesoi.fr\/wp-content\/uploads\/2024\/11\/WhatsApp-Image-2024-11-28-a-15.03.32_e61e3437-768x1024.jpg?strip=info&#038;w=600&#038;ssl=1 600w,https:\/\/i0.wp.com\/lucioles-aufildesoi.fr\/wp-content\/uploads\/2024\/11\/WhatsApp-Image-2024-11-28-a-15.03.32_e61e3437-768x1024.jpg?strip=info&#038;w=900&#038;ssl=1 900w,https:\/\/i0.wp.com\/lucioles-aufildesoi.fr\/wp-content\/uploads\/2024\/11\/WhatsApp-Image-2024-11-28-a-15.03.32_e61e3437-768x1024.jpg?strip=info&#038;w=1200&#038;ssl=1 1200w,https:\/\/i0.wp.com\/lucioles-aufildesoi.fr\/wp-content\/uploads\/2024\/11\/WhatsApp-Image-2024-11-28-a-15.03.32_e61e3437-768x1024.jpg?strip=info&#038;w=1500&#038;ssl=1 1500w\" alt=\"\" data-height=\"2000\" data-id=\"1858\" data-link=\"https:\/\/lucioles-aufildesoi.fr\/?attachment_id=1858\" data-url=\"https:\/\/lucioles-aufildesoi.fr\/wp-content\/uploads\/2024\/11\/WhatsApp-Image-2024-11-28-a-15.03.32_e61e3437-768x1024.jpg\" data-width=\"1500\" src=\"https:\/\/i0.wp.com\/lucioles-aufildesoi.fr\/wp-content\/uploads\/2024\/11\/WhatsApp-Image-2024-11-28-a-15.03.32_e61e3437-768x1024.jpg?ssl=1\" data-amp-layout=\"responsive\"\/><\/figure><\/div><\/div><div class=\"tiled-gallery__row\"><div class=\"tiled-gallery__col\" style=\"flex-basis:100.00000%\"><figure class=\"tiled-gallery__item\"><img decoding=\"async\" srcset=\"https:\/\/i0.wp.com\/lucioles-aufildesoi.fr\/wp-content\/uploads\/2024\/11\/Annonce-Mai-cafe-jazz-1024x1024.jpg?strip=info&#038;w=600&#038;ssl=1 600w,https:\/\/i0.wp.com\/lucioles-aufildesoi.fr\/wp-content\/uploads\/2024\/11\/Annonce-Mai-cafe-jazz-1024x1024.jpg?strip=info&#038;w=900&#038;ssl=1 900w,https:\/\/i0.wp.com\/lucioles-aufildesoi.fr\/wp-content\/uploads\/2024\/11\/Annonce-Mai-cafe-jazz-1024x1024.jpg?strip=info&#038;w=1080&#038;ssl=1 1080w\" alt=\"\" data-height=\"1080\" data-id=\"1860\" data-link=\"https:\/\/lucioles-aufildesoi.fr\/?attachment_id=1860\" data-url=\"https:\/\/lucioles-aufildesoi.fr\/wp-content\/uploads\/2024\/11\/Annonce-Mai-cafe-jazz-1024x1024.jpg\" data-width=\"1080\" src=\"https:\/\/i0.wp.com\/lucioles-aufildesoi.fr\/wp-content\/uploads\/2024\/11\/Annonce-Mai-cafe-jazz-1024x1024.jpg?ssl=1\" data-amp-layout=\"responsive\"\/><\/figure><\/div><\/div><\/div><\/div>\n","protected":false},"excerpt":{"rendered":"<p>C&#8217;est quoi un atelier Jaserie !? Un moment d&#8217;\u00e9change ludique et en mouvementpour ouvrir la parole et nos angles de vue sur des sujets parfois clivants, afin de s&#8217;enrichir les [&hellip;]<\/p>\n","protected":false},"author":1,"featured_media":0,"parent":0,"menu_order":0,"comment_status":"closed","ping_status":"closed","template":"","meta":{"_EventAllDay":false,"_EventTimezone":"","_EventStartDate":"","_EventEndDate":"","_EventStartDateUTC":"","_EventEndDateUTC":"","_EventShowMap":false,"_EventShowMapLink":false,"_EventURL":"","_EventCost":"","_EventCostDescription":"","_EventCurrencySymbol":"","_EventCurrencyCode":"","_EventCurrencyPosition":"","_EventDateTimeSeparator":"","_EventTimeRangeSeparator":"","_EventOrganizerID":[],"_EventVenueID":[],"_OrganizerEmail":"","_OrganizerPhone":"","_OrganizerWebsite":"","_VenueAddress":"","_VenueCity":"","_VenueCountry":"","_VenueProvince":"","_VenueState":"","_VenueZip":"","_VenuePhone":"","_VenueURL":"","_VenueStateProvince":"","_VenueLat":"","_VenueLng":"","_VenueShowMap":false,"_VenueShowMapLink":false,"_glsr_average":0,"_glsr_ranking":0,"_glsr_reviews":0,"footnotes":""},"class_list":["post-1844","page","type-page","status-publish","hentry"],"jetpack_sharing_enabled":true,"_links":{"self":[{"href":"https:\/\/lucioles-aufildesoi.fr\/index.php\/wp-json\/wp\/v2\/pages\/1844","targetHints":{"allow":["GET"]}}],"collection":[{"href":"https:\/\/lucioles-aufildesoi.fr\/index.php\/wp-json\/wp\/v2\/pages"}],"about":[{"href":"https:\/\/lucioles-aufildesoi.fr\/index.php\/wp-json\/wp\/v2\/types\/page"}],"author":[{"embeddable":true,"href":"https:\/\/lucioles-aufildesoi.fr\/index.php\/wp-json\/wp\/v2\/users\/1"}],"replies":[{"embeddable":true,"href":"https:\/\/lucioles-aufildesoi.fr\/index.php\/wp-json\/wp\/v2\/comments?post=1844"}],"version-history":[{"count":8,"href":"https:\/\/lucioles-aufildesoi.fr\/index.php\/wp-json\/wp\/v2\/pages\/1844\/revisions"}],"predecessor-version":[{"id":1863,"href":"https:\/\/lucioles-aufildesoi.fr\/index.php\/wp-json\/wp\/v2\/pages\/1844\/revisions\/1863"}],"wp:attachment":[{"href":"https:\/\/lucioles-aufildesoi.fr\/index.php\/wp-json\/wp\/v2\/media?parent=1844"}],"curies":[{"name":"wp","href":"https:\/\/api.w.org\/{rel}","templated":true}]}}