{"id":167,"date":"2022-08-11T12:57:44","date_gmt":"2022-08-11T10:57:44","guid":{"rendered":"http:\/\/lucioles-aufildesoi.fr\/?page_id=167"},"modified":"2023-11-15T18:28:06","modified_gmt":"2023-11-15T17:28:06","slug":"ethique","status":"publish","type":"page","link":"https:\/\/lucioles-aufildesoi.fr\/index.php\/ethique\/","title":{"rendered":"\u00c9thique"},"content":{"rendered":"\n<p><\/p>\n\n\n\n<div class=\"wp-block-media-text alignwide is-stacked-on-mobile\" style=\"grid-template-columns:30% auto\"><figure class=\"wp-block-media-text__media\"><img loading=\"lazy\" decoding=\"async\" width=\"768\" height=\"1024\" src=\"https:\/\/lucioles-aufildesoi.fr\/wp-content\/uploads\/2022\/07\/IMG_20220630_163857-768x1024.jpg\" alt=\"\" class=\"wp-image-168 size-full\" srcset=\"https:\/\/lucioles-aufildesoi.fr\/wp-content\/uploads\/2022\/07\/IMG_20220630_163857-768x1024.jpg 768w, https:\/\/lucioles-aufildesoi.fr\/wp-content\/uploads\/2022\/07\/IMG_20220630_163857-225x300.jpg 225w, https:\/\/lucioles-aufildesoi.fr\/wp-content\/uploads\/2022\/07\/IMG_20220630_163857-1152x1536.jpg 1152w, https:\/\/lucioles-aufildesoi.fr\/wp-content\/uploads\/2022\/07\/IMG_20220630_163857-1536x2048.jpg 1536w, https:\/\/lucioles-aufildesoi.fr\/wp-content\/uploads\/2022\/07\/IMG_20220630_163857-1170x1560.jpg 1170w, https:\/\/lucioles-aufildesoi.fr\/wp-content\/uploads\/2022\/07\/IMG_20220630_163857-scaled.jpg 1920w\" sizes=\"auto, (max-width: 768px) 100vw, 768px\" \/><\/figure><div class=\"wp-block-media-text__content\">\n<p class=\"has-luminous-vivid-amber-color has-text-color\" style=\"font-size:30px\">Mon intention<\/p>\n\n\n\n<p style=\"font-size:17px\">\u00catre une simple Luciole sur ton chemin, et t&#8217;accompagner \u00e0 voir comment <strong>TOI<\/strong> tu peux te donner le droit de briller de ta propre lumi\u00e8re, et sentir ce que cela fait de prendre ta place dans ce monde en t&#8217;aimant v\u00e9ritablement.<br><br>\ud835\ude0b\ud835\ude26\ud835\ude33\ud835\ude33\ud835\ude2a\ud835\ude26\u0300\ud835\ude33\ud835\ude26 &#8220;\ud835\ude2d\ud835\ude36\ud835\ude2e\ud835\ude2a\ud835\ude26\u0300\ud835\ude33\ud835\ude26&#8221;, \ud835\ude35\ud835\ude36 \ud835\ude31\ud835\ude26\ud835\ude36\ud835\ude39 \ud835\ude2e\ud835\ude26\ud835\ude35\ud835\ude35\ud835\ude33\ud835\ude26 \ud835\ude24\ud835\ude26 \ud835\ude32\ud835\ude36\ud835\ude2a \ud835\ude35\ud835\ude26 \ud835\ude31\ud835\ude22\ud835\ude33\ud835\ude2d\ud835\ude26\ud835\ude34 \ud835\ude2d\ud835\ude26 \ud835\ude31\ud835\ude2d\ud835\ude36\ud835\ude34, \ud835\ude22\u0300 \ud835\ude35\ud835\ude30\ud835\ude2a. \ud835\ude0b\ud835\ude26 \ud835\ude2d\ud835\ude22 \ud835\ude25\ud835\ude30\ud835\ude36\ud835\ude24\ud835\ude26\ud835\ude36\ud835\ude33, \ud835\ude25\ud835\ude26 \ud835\ude2d\ud835\ude22 \ud835\ude27\ud835\ude30\ud835\ude33\ud835\ude24\ud835\ude26? <em>D<\/em>\ud835\ude26 \ud835\ude2d\ud835\ude22 \ud835\ude2b\ud835\ude30\ud835\ude2a\ud835\ude26 \ud835\ude25\ud835\ude26 \ud835\ude37\ud835\ude2a\ud835\ude37\ud835\ude33\ud835\ude26 ? D\ud835\ude26 \ud835\ude2d\u2019\ud835\ude26\u0301\ud835\ude2f\ud835\ude26\ud835\ude33\ud835\ude28\ud835\ude2a\ud835\ude26 ? D\ud835\ude26 \ud835\ude2d\ud835\ude22 \ud835\ude33\ud835\ude26\u0301\ud835\ude34\ud835\ude2a\ud835\ude2d\ud835\ude2a\ud835\ude26\ud835\ude2f\ud835\ude24\ud835\ude26 ? \ud835\ude25\ud835\ude26 \ud835\ude2d\ud835\ude22 \ud835\ude31\ud835\ude26\u0301\ud835\ude35\ud835\ude2a\ud835\ude2d\ud835\ude2d\ud835\ude22\ud835\ude2f\ud835\ude24\ud835\ude26 \ud835\ude30\ud835\ude36 \ud835\ude25\ud835\ude36 \ud835\ude23\ud835\ude30\ud835\ude2f\ud835\ude29\ud835\ude26\ud835\ude36\ud835\ude33 ? &#8230; ! <br><em>\u00c0<\/em> \ud835\ude35\ud835\ude30\ud835\ude2a \ud835\ude25\ud835\ude26 \ud835\ude24\ud835\ude33\ud835\ude26\u0301\ud835\ude26\ud835\ude33 \ud835\ude35\ud835\ude22 \ud835\ude37\ud835\ude2a\ud835\ude26. <br><\/p>\n\n\n\n<p style=\"font-size:17px\">On a parfois besoin de l&#8217;autre,  un instant, pour nous voir \u00e0 nouveau tel\u00b7le que nous sommes et retrouver toute notre autonomie.<\/p>\n<\/div><\/div>\n\n\n\n<div class=\"wp-block-media-text alignwide has-media-on-the-right is-stacked-on-mobile\" style=\"grid-template-columns:auto 34%\"><div class=\"wp-block-media-text__content\">\n<p class=\"has-luminous-vivid-amber-color has-text-color\" style=\"font-size:30px\">Je m&#8217;engage \u00e0 t&#8217;accompagner &#8230;<\/p>\n\n\n\n<p style=\"font-size:17px\"><strong>Je t&#8217;\u00e9coute,<\/strong> sans jugement, sans vouloir te changer ni amoindrir ce que tu vis.<br><strong>Je ne gu\u00e9ris rien,<\/strong> je t&#8217;offre ma pr\u00e9sence, cette \u00e9coute, mes comp\u00e9tences et mon intuition pour te guider et t&#8217;aider \u00e0 faire tes propres prises de consciences et d\u00e9cisions.<br><strong>Je ne sauve personne,<\/strong> je me tiens l\u00e0, disponible et humble, et t&#8217;accompagne \u00e0 retrouver ta propre puissance et responsabilit\u00e9.<br><strong>Je cherche avec toi les bons mots,<\/strong> ceux qui touchent le c\u0153ur et d\u00e9cristallisent les blocages.<br><strong>Je te pose les bonnes questions<\/strong> et tu trouves tes propres r\u00e9ponses car c&#8217;est toi qui, au fond, te connais le mieux.<\/p>\n\n\n\n<p class=\"has-text-align-right has-light-green-cyan-color has-text-color\" style=\"font-size:17px\"><strong><a href=\"https:\/\/lucioles-aufildesoi.fr\/?page_id=245\" target=\"_blank\" rel=\"noreferrer noopener\">Et si tu venais te re-d\u00e9couvrir ?!<\/a><\/strong><br><\/p>\n<\/div><figure class=\"wp-block-media-text__media\"><img loading=\"lazy\" decoding=\"async\" width=\"768\" height=\"1024\" src=\"https:\/\/lucioles-aufildesoi.fr\/wp-content\/uploads\/2022\/07\/IMG_20220703_090455-768x1024.jpg\" alt=\"\" class=\"wp-image-172 size-full\" srcset=\"https:\/\/lucioles-aufildesoi.fr\/wp-content\/uploads\/2022\/07\/IMG_20220703_090455-768x1024.jpg 768w, https:\/\/lucioles-aufildesoi.fr\/wp-content\/uploads\/2022\/07\/IMG_20220703_090455-225x300.jpg 225w, https:\/\/lucioles-aufildesoi.fr\/wp-content\/uploads\/2022\/07\/IMG_20220703_090455-1152x1536.jpg 1152w, https:\/\/lucioles-aufildesoi.fr\/wp-content\/uploads\/2022\/07\/IMG_20220703_090455-1536x2048.jpg 1536w, https:\/\/lucioles-aufildesoi.fr\/wp-content\/uploads\/2022\/07\/IMG_20220703_090455-1170x1560.jpg 1170w, https:\/\/lucioles-aufildesoi.fr\/wp-content\/uploads\/2022\/07\/IMG_20220703_090455-scaled.jpg 1920w\" sizes=\"auto, (max-width: 768px) 100vw, 768px\" \/><\/figure><\/div>\n\n\n\n<div class=\"wp-block-media-text alignwide is-stacked-on-mobile\" style=\"grid-template-columns:40% auto\"><figure class=\"wp-block-media-text__media\"><img loading=\"lazy\" decoding=\"async\" width=\"300\" height=\"168\" src=\"https:\/\/lucioles-aufildesoi.fr\/wp-content\/uploads\/2022\/07\/oeuf.jpeg\" alt=\"\" class=\"wp-image-176 size-full\"\/><\/figure><div class=\"wp-block-media-text__content\">\n<p class=\"has-luminous-vivid-amber-color has-text-color\" style=\"font-size:30px\">Tu t&#8217;engages \u00e0 t&#8217;accompagner&#8230;<\/p>\n\n\n\n<p style=\"font-size:17px\"><strong>Il n&#8217;est pas n\u00e9cessaire d&#8217;aller mal pour vouloir se sentir mieux<\/strong>, <em>le droit au bien-\u00eatre est associ\u00e9 directement \u00e0 la notion de sant\u00e9 [* source OMS]<\/em>.<br>Pour l&#8217;accompagnement que je propose, il est tout de m\u00eame n\u00e9cessaire que tu D\u00c9CIDES. C&#8217;est ton choix qui t&#8217;engage et sera le meilleur garant de ton \u00e9volution et \u00e9panouissement.<br>Alors demandes toi :<br>        <strong>  &#8211; Est-ce le bon timing<\/strong> &#8211;  Pour aller voir en toi et t&#8217;accueillir ? Es-tu d\u00e9termin\u00e9 \u00e0 avancer ici et maintenant ?<br>          <strong>&#8211; As-tu le bon feeling &#8211;<\/strong> Avec les outils que je propose ? Avec ce que je t&#8217;inspire \u00e0 premi\u00e8re vue ? Qu&#8217;est-ce qui vibre en toi ? Es-tu en confiance ?<\/p>\n\n\n\n<p class=\"has-text-align-right has-light-green-cyan-color has-text-color\" style=\"font-size:17px\"><strong>C&#8217;est toi qui d\u00e9cide quand et comment briser ta coquille.<\/strong><\/p>\n<\/div><\/div>\n\n\n\n<div style=\"height:70px\" aria-hidden=\"true\" class=\"wp-block-spacer\"><\/div>\n\n\n\n<hr class=\"wp-block-separator has-alpha-channel-opacity\"\/>\n\n\n\n<p class=\"has-text-align-center has-background has-small-font-size\" style=\"background-color:#fcb90082\"><strong> &#8221; Est-ce le bon moment et la bonne personne pour prendre soin de moi dans ce que je vis ? &#8220;<\/strong><br><br><em>Tu h\u00e9sites ? te questionnes ?<br>Je t&#8217;offre de quoi cheminer de ton c\u00f4t\u00e9, pour te d\u00e9poser, faire le point. <br>C&#8217;est sans engagement, gratuit et \u00e7a te prendras entre 5 et 10 min <\/em><br><strong>(*)<\/strong> \ud835\udc5d\ud835\udc52\ud835\udc61\ud835\udc56\ud835\udc61 \ud835\udc50\ud835\udc4e\ud835\udc51\ud835\udc52\ud835\udc4e\ud835\udc62 \ud835\udc4e\u0300 \ud835\udc59\ud835\udc4e \ud835\udc53\ud835\udc56\ud835\udc5b \ud835\udc51\ud835\udc52 \ud835\udc50\ud835\udc52 &#8220;\ud835\udc5e\ud835\udc62\ud835\udc52\ud835\udc60\ud835\udc61\ud835\udc56\ud835\udc5c\ud835\udc5b\ud835\udc5b\ud835\udc4e\ud835\udc56\ud835\udc5f\ud835\udc52 \ud835\udc63\ud835\udc5c\ud835\udc66\ud835\udc4e\ud835\udc54\ud835\udc52&#8221;<\/p>\n\n\n\n<div class=\"wp-block-buttons is-content-justification-center is-layout-flex wp-container-core-buttons-is-layout-a89b3969 wp-block-buttons-is-layout-flex\">\n<div class=\"wp-block-button\"><a class=\"wp-block-button__link has-background-color has-luminous-vivid-amber-background-color has-text-color has-background has-link-color wp-element-button\" href=\"https:\/\/docs.google.com\/forms\/d\/1PeS_iEGK6UHQjYqYYop2pKp0id3JH4WPJTRzNPTeTrI\/edit\">Je fais le test gratuit<\/a><\/div>\n<\/div>\n","protected":false},"excerpt":{"rendered":"<p>Mon intention \u00catre une simple Luciole sur ton chemin, et t&#8217;accompagner \u00e0 voir comment TOI tu peux te donner le droit de briller de ta propre lumi\u00e8re, et sentir ce [&hellip;]<\/p>\n","protected":false},"author":1,"featured_media":0,"parent":0,"menu_order":0,"comment_status":"closed","ping_status":"closed","template":"","meta":{"_EventAllDay":false,"_EventTimezone":"","_EventStartDate":"","_EventEndDate":"","_EventStartDateUTC":"","_EventEndDateUTC":"","_EventShowMap":false,"_EventShowMapLink":false,"_EventURL":"","_EventCost":"","_EventCostDescription":"","_EventCurrencySymbol":"","_EventCurrencyCode":"","_EventCurrencyPosition":"","_EventDateTimeSeparator":"","_EventTimeRangeSeparator":"","_EventOrganizerID":[],"_EventVenueID":[],"_OrganizerEmail":"","_OrganizerPhone":"","_OrganizerWebsite":"","_VenueAddress":"","_VenueCity":"","_VenueCountry":"","_VenueProvince":"","_VenueState":"","_VenueZip":"","_VenuePhone":"","_VenueURL":"","_VenueStateProvince":"","_VenueLat":"","_VenueLng":"","_VenueShowMap":false,"_VenueShowMapLink":false,"_glsr_average":0,"_glsr_ranking":0,"_glsr_reviews":0,"footnotes":""},"class_list":["post-167","page","type-page","status-publish","hentry"],"jetpack_sharing_enabled":true,"_links":{"self":[{"href":"https:\/\/lucioles-aufildesoi.fr\/index.php\/wp-json\/wp\/v2\/pages\/167","targetHints":{"allow":["GET"]}}],"collection":[{"href":"https:\/\/lucioles-aufildesoi.fr\/index.php\/wp-json\/wp\/v2\/pages"}],"about":[{"href":"https:\/\/lucioles-aufildesoi.fr\/index.php\/wp-json\/wp\/v2\/types\/page"}],"author":[{"embeddable":true,"href":"https:\/\/lucioles-aufildesoi.fr\/index.php\/wp-json\/wp\/v2\/users\/1"}],"replies":[{"embeddable":true,"href":"https:\/\/lucioles-aufildesoi.fr\/index.php\/wp-json\/wp\/v2\/comments?post=167"}],"version-history":[{"count":17,"href":"https:\/\/lucioles-aufildesoi.fr\/index.php\/wp-json\/wp\/v2\/pages\/167\/revisions"}],"predecessor-version":[{"id":996,"href":"https:\/\/lucioles-aufildesoi.fr\/index.php\/wp-json\/wp\/v2\/pages\/167\/revisions\/996"}],"wp:attachment":[{"href":"https:\/\/lucioles-aufildesoi.fr\/index.php\/wp-json\/wp\/v2\/media?parent=167"}],"curies":[{"name":"wp","href":"https:\/\/api.w.org\/{rel}","templated":true}]}}