{"id":1168,"date":"2024-03-25T11:05:28","date_gmt":"2024-03-25T10:05:28","guid":{"rendered":"https:\/\/lucioles-aufildesoi.fr\/?page_id=1168"},"modified":"2024-03-26T11:39:07","modified_gmt":"2024-03-26T10:39:07","slug":"ateliers-sophrologie-belley","status":"publish","type":"page","link":"https:\/\/lucioles-aufildesoi.fr\/index.php\/ateliers-sophrologie-belley\/","title":{"rendered":"Ateliers Sophrologie Belley"},"content":{"rendered":"\n<p class=\"has-text-align-center has-vivid-green-cyan-color has-text-color has-link-color has-medium-font-size wp-elements-10d030bc1f9f70185c22a5266f1b3941\">                                          <strong>Du 02 Avril au 25 Juin 2024<\/strong><\/p>\n\n\n\n<div class=\"wp-block-media-text is-stacked-on-mobile is-vertically-aligned-center\" style=\"grid-template-columns:37% auto\"><figure class=\"wp-block-media-text__media\"><img loading=\"lazy\" decoding=\"async\" width=\"650\" height=\"656\" src=\"https:\/\/lucioles-aufildesoi.fr\/wp-content\/uploads\/2024\/03\/sophro-calme-moi.jpg\" alt=\"\" class=\"wp-image-1172 size-full\" srcset=\"https:\/\/lucioles-aufildesoi.fr\/wp-content\/uploads\/2024\/03\/sophro-calme-moi.jpg 650w, https:\/\/lucioles-aufildesoi.fr\/wp-content\/uploads\/2024\/03\/sophro-calme-moi-297x300.jpg 297w, https:\/\/lucioles-aufildesoi.fr\/wp-content\/uploads\/2024\/03\/sophro-calme-moi-150x150.jpg 150w\" sizes=\"auto, (max-width: 650px) 100vw, 650px\" \/><\/figure><div class=\"wp-block-media-text__content\">\n<p class=\"has-text-align-center\" style=\"font-size:1.3rem\">J&#8217;ai l&#8217;honneur de remplacer ma coll\u00e8gue Anna qui attend une heureuse brindille de + en ce monde ! L&#8217;occasion de vous proposer un instant d\u00e9tente <strong>tout les mardis \u00e0 Belley <\/strong>\u00e0 partir du 02 Avril jusqu&#8217;au 25 Juin inclus.<\/p>\n\n\n\n<p class=\"has-text-align-center\"><br><br><em>\u00a9 John Fu<\/em><\/p>\n<\/div><\/div>\n\n\n\n<div style=\"height:30px\" aria-hidden=\"true\" class=\"wp-block-spacer\"><\/div>\n\n\n\n<p class=\"has-text-align-center\" style=\"font-size:1.2rem\"><strong><span style=\"text-decoration: underline;\">Au programme :<\/span><\/strong> 1 th\u00e8me par s\u00e9ance qui dure 1h15, de la relaxation, des mouvements doux, de la visualisation, des petits jeux de connexion \u00e0 soi, aux autres parfois.<br><strong><span style=\"text-decoration: underline;\">Th\u00e8me possible :<\/span><\/strong> La nouveaut\u00e9 \/ La rencontre \/ \u00e9clore \/ Ralentir \/ Racine \/ co-exister \/ Simplicit\u00e9 &#8230;..<\/p>\n\n\n\n<div style=\"height:23px\" aria-hidden=\"true\" class=\"wp-block-spacer\"><\/div>\n\n\n\n<hr class=\"wp-block-separator has-alpha-channel-opacity\"\/>\n\n\n\n<ul class=\"wp-block-list\">\n<li style=\"font-size:1.2rem\"><mark style=\"background-color:rgba(0, 0, 0, 0);color:#cf8b0e\" class=\"has-inline-color\"><strong>Groupe journ\u00e9e :<\/strong> <\/mark>14h30 \u00e0 15h45<\/li>\n\n\n\n<li style=\"font-size:1.2rem\"><strong><mark style=\"background-color:rgba(0, 0, 0, 0);color:#cf8b0e\" class=\"has-inline-color\">Groupe soir\u00e9e :<\/mark><\/strong> 18h30 \u00e0 19h45<\/li>\n<\/ul>\n\n\n\n<p style=\"font-size:1.2rem\"><strong><mark style=\"background-color:rgba(0, 0, 0, 0);color:#62a92b\" class=\"has-inline-color\">10\u20ac <\/mark>\/ s\u00e9ance <\/strong><br><strong>ou 95\u20ac pour le trimestre<\/strong> (10 s\u00e9ances d&#8217;Avril \u00e0 fin Juin) <br><em>(*)et l&#8217;adh\u00e9sion \u00e0 l&#8217;association de Anna, la Chrysalide soit 15\u20ac pour l&#8217;ann\u00e9e<\/em><\/p>\n\n\n\n<hr class=\"wp-block-separator has-alpha-channel-opacity\"\/>\n\n\n\n<div style=\"height:28px\" aria-hidden=\"true\" class=\"wp-block-spacer\"><\/div>\n\n\n\n<p class=\"has-text-align-center has-foreground-color has-text-color has-background has-link-color has-medium-font-size wp-elements-8ce2426385252b70b49d3bd346863139\" style=\"background-color:#86d0c1\"><strong>Infos &amp; inscriptions<\/strong><\/p>\n\n\n\n<div class=\"wp-block-media-text is-stacked-on-mobile has-background\" style=\"background-color:#86d0c1;grid-template-columns:39% auto\"><figure class=\"wp-block-media-text__media\"><img loading=\"lazy\" decoding=\"async\" width=\"499\" height=\"1024\" src=\"https:\/\/lucioles-aufildesoi.fr\/wp-content\/uploads\/2022\/07\/nenuphare-499x1024.jpg\" alt=\"\" class=\"wp-image-123 size-full\" srcset=\"https:\/\/lucioles-aufildesoi.fr\/wp-content\/uploads\/2022\/07\/nenuphare-499x1024.jpg 499w, https:\/\/lucioles-aufildesoi.fr\/wp-content\/uploads\/2022\/07\/nenuphare-146x300.jpg 146w, https:\/\/lucioles-aufildesoi.fr\/wp-content\/uploads\/2022\/07\/nenuphare-768x1575.jpg 768w, https:\/\/lucioles-aufildesoi.fr\/wp-content\/uploads\/2022\/07\/nenuphare-749x1536.jpg 749w, https:\/\/lucioles-aufildesoi.fr\/wp-content\/uploads\/2022\/07\/nenuphare-999x2048.jpg 999w, https:\/\/lucioles-aufildesoi.fr\/wp-content\/uploads\/2022\/07\/nenuphare-1170x2399.jpg 1170w, https:\/\/lucioles-aufildesoi.fr\/wp-content\/uploads\/2022\/07\/nenuphare-scaled.jpg 1249w\" sizes=\"auto, (max-width: 499px) 100vw, 499px\" \/><\/figure><div class=\"wp-block-media-text__content\">\n<div class=\"wp-block-contact-form-7-contact-form-selector\">\n<div class=\"wpcf7 no-js\" id=\"wpcf7-f255-o1\" lang=\"fr-FR\" dir=\"ltr\">\n<div class=\"screen-reader-response\"><p role=\"status\" aria-live=\"polite\" aria-atomic=\"true\"><\/p> <ul><\/ul><\/div>\n<form action=\"\/index.php\/wp-json\/wp\/v2\/pages\/1168#wpcf7-f255-o1\" method=\"post\" class=\"wpcf7-form init\" aria-label=\"Formulaire de contact\" novalidate=\"novalidate\" data-status=\"init\">\n<div style=\"display: none;\">\n<input type=\"hidden\" name=\"_wpcf7\" value=\"255\" \/>\n<input type=\"hidden\" name=\"_wpcf7_version\" value=\"5.9.8\" \/>\n<input type=\"hidden\" name=\"_wpcf7_locale\" value=\"fr_FR\" \/>\n<input type=\"hidden\" name=\"_wpcf7_unit_tag\" value=\"wpcf7-f255-o1\" \/>\n<input type=\"hidden\" name=\"_wpcf7_container_post\" value=\"0\" \/>\n<input type=\"hidden\" name=\"_wpcf7_posted_data_hash\" value=\"\" \/>\n<\/div>\n<p><label> Votre nom<br \/>\n<span class=\"wpcf7-form-control-wrap\" data-name=\"your-name\"><input size=\"40\" maxlength=\"400\" class=\"wpcf7-form-control wpcf7-text wpcf7-validates-as-required\" aria-required=\"true\" aria-invalid=\"false\" value=\"\" type=\"text\" name=\"your-name\" \/><\/span> <\/label>\n<\/p>\n<p><label> Votre e-mail<br \/>\n<span class=\"wpcf7-form-control-wrap\" data-name=\"your-email\"><input size=\"40\" maxlength=\"400\" class=\"wpcf7-form-control wpcf7-email wpcf7-validates-as-required wpcf7-text wpcf7-validates-as-email\" aria-required=\"true\" aria-invalid=\"false\" value=\"\" type=\"email\" name=\"your-email\" \/><\/span> <\/label>\n<\/p>\n<p><label> Objet<br \/>\n<span class=\"wpcf7-form-control-wrap\" data-name=\"your-subject\"><input size=\"40\" maxlength=\"400\" class=\"wpcf7-form-control wpcf7-text wpcf7-validates-as-required\" aria-required=\"true\" aria-invalid=\"false\" value=\"\" type=\"text\" name=\"your-subject\" \/><\/span> <\/label>\n<\/p>\n<p><label> Votre message (facultatif)<br \/>\n<span class=\"wpcf7-form-control-wrap\" data-name=\"your-message\"><textarea cols=\"40\" rows=\"10\" maxlength=\"2000\" class=\"wpcf7-form-control wpcf7-textarea\" aria-invalid=\"false\" name=\"your-message\"><\/textarea><\/span> <\/label>\n<\/p>\n<p><input class=\"wpcf7-form-control wpcf7-submit has-spinner\" type=\"submit\" value=\"Envoyer\" \/>\n<\/p><div class=\"wpcf7-response-output\" aria-hidden=\"true\"><\/div>\n<\/form>\n<\/div>\n<\/div>\n<\/div><\/div>\n\n\n\n<figure class=\"wp-block-image size-large is-resized\"><img loading=\"lazy\" decoding=\"async\" width=\"724\" height=\"1024\" src=\"https:\/\/lucioles-aufildesoi.fr\/wp-content\/uploads\/2024\/03\/FB-banniere-flyer-sophrologie-724x1024.jpg\" alt=\"\" class=\"wp-image-1194\" style=\"width:719px;height:auto\" srcset=\"https:\/\/lucioles-aufildesoi.fr\/wp-content\/uploads\/2024\/03\/FB-banniere-flyer-sophrologie-724x1024.jpg 724w, https:\/\/lucioles-aufildesoi.fr\/wp-content\/uploads\/2024\/03\/FB-banniere-flyer-sophrologie-212x300.jpg 212w, https:\/\/lucioles-aufildesoi.fr\/wp-content\/uploads\/2024\/03\/FB-banniere-flyer-sophrologie-768x1086.jpg 768w, https:\/\/lucioles-aufildesoi.fr\/wp-content\/uploads\/2024\/03\/FB-banniere-flyer-sophrologie-1086x1536.jpg 1086w, https:\/\/lucioles-aufildesoi.fr\/wp-content\/uploads\/2024\/03\/FB-banniere-flyer-sophrologie-1170x1655.jpg 1170w, https:\/\/lucioles-aufildesoi.fr\/wp-content\/uploads\/2024\/03\/FB-banniere-flyer-sophrologie.jpg 1414w\" sizes=\"auto, (max-width: 724px) 100vw, 724px\" \/><\/figure>\n\n\n\n<div style=\"height:34px\" aria-hidden=\"true\" class=\"wp-block-spacer\"><\/div>\n\n\n\n<div class=\"wp-block-media-text is-stacked-on-mobile has-background\" style=\"background-color:#f78da82e;grid-template-columns:53% auto\"><figure class=\"wp-block-media-text__media\"><img loading=\"lazy\" decoding=\"async\" width=\"1024\" height=\"683\" src=\"https:\/\/lucioles-aufildesoi.fr\/wp-content\/uploads\/2023\/10\/portrait-1024x683.jpg\" alt=\"\" class=\"wp-image-935 size-full\" srcset=\"https:\/\/lucioles-aufildesoi.fr\/wp-content\/uploads\/2023\/10\/portrait-1024x683.jpg 1024w, https:\/\/lucioles-aufildesoi.fr\/wp-content\/uploads\/2023\/10\/portrait-300x200.jpg 300w, https:\/\/lucioles-aufildesoi.fr\/wp-content\/uploads\/2023\/10\/portrait-768x512.jpg 768w, https:\/\/lucioles-aufildesoi.fr\/wp-content\/uploads\/2023\/10\/portrait-1536x1024.jpg 1536w, https:\/\/lucioles-aufildesoi.fr\/wp-content\/uploads\/2023\/10\/portrait-1170x780.jpg 1170w, https:\/\/lucioles-aufildesoi.fr\/wp-content\/uploads\/2023\/10\/portrait.jpg 1600w\" sizes=\"auto, (max-width: 1024px) 100vw, 1024px\" \/><\/figure><div class=\"wp-block-media-text__content\">\n<p class=\"has-text-align-center has-luminous-vivid-amber-color has-text-color has-link-color has-medium-font-size wp-elements-2733be1fb211227715ff8e917a33c8a2\"><strong><em>Carole Chaussinand<\/em><\/strong><\/p>\n\n\n\n<p class=\"has-text-align-center has-vivid-green-cyan-color has-text-color has-link-color wp-elements-4c0eb4283b530c63bee30068109d621e\"><strong>Accompagnante <br>\u00e9motionnelle &amp; relationnelle<\/strong><\/p>\n\n\n\n<ul class=\"wp-block-list\">\n<li>Accompagnement individuel<\/li>\n\n\n\n<li>Ateliers de groupe<\/li>\n\n\n\n<li>Ikiga\u00ef<\/li>\n\n\n\n<li>Arts\/drama-Th\u00e9rapies<\/li>\n\n\n\n<li>Perfectionnisme<\/li>\n\n\n\n<li>Confiance et etime de soi<\/li>\n\n\n\n<li>Psychocorporel<\/li>\n\n\n\n<li>D\u00e9pendances affectives<\/li>\n<\/ul>\n<\/div><\/div>\n\n\n\n<figure class=\"wp-block-image aligncenter size-full is-resized\"><img loading=\"lazy\" decoding=\"async\" width=\"547\" height=\"498\" src=\"https:\/\/lucioles-aufildesoi.fr\/wp-content\/uploads\/2023\/11\/3-lieux.png\" alt=\"\" class=\"wp-image-980\" style=\"width:716px;height:auto\" srcset=\"https:\/\/lucioles-aufildesoi.fr\/wp-content\/uploads\/2023\/11\/3-lieux.png 547w, https:\/\/lucioles-aufildesoi.fr\/wp-content\/uploads\/2023\/11\/3-lieux-300x273.png 300w\" sizes=\"auto, (max-width: 547px) 100vw, 547px\" \/><\/figure>\n","protected":false},"excerpt":{"rendered":"<p>Du 02 Avril au 25 Juin 2024 J&#8217;ai l&#8217;honneur de remplacer ma coll\u00e8gue Anna qui attend une heureuse brindille de + en ce monde ! L&#8217;occasion de vous proposer un [&hellip;]<\/p>\n","protected":false},"author":1,"featured_media":0,"parent":0,"menu_order":0,"comment_status":"closed","ping_status":"closed","template":"","meta":{"_EventAllDay":false,"_EventTimezone":"","_EventStartDate":"","_EventEndDate":"","_EventStartDateUTC":"","_EventEndDateUTC":"","_EventShowMap":false,"_EventShowMapLink":false,"_EventURL":"","_EventCost":"","_EventCostDescription":"","_EventCurrencySymbol":"","_EventCurrencyCode":"","_EventCurrencyPosition":"","_EventDateTimeSeparator":"","_EventTimeRangeSeparator":"","_EventOrganizerID":[],"_EventVenueID":[],"_OrganizerEmail":"","_OrganizerPhone":"","_OrganizerWebsite":"","_VenueAddress":"","_VenueCity":"","_VenueCountry":"","_VenueProvince":"","_VenueState":"","_VenueZip":"","_VenuePhone":"","_VenueURL":"","_VenueStateProvince":"","_VenueLat":"","_VenueLng":"","_VenueShowMap":false,"_VenueShowMapLink":false,"_glsr_average":0,"_glsr_ranking":0,"_glsr_reviews":0,"footnotes":""},"class_list":["post-1168","page","type-page","status-publish","hentry"],"jetpack_sharing_enabled":true,"_links":{"self":[{"href":"https:\/\/lucioles-aufildesoi.fr\/index.php\/wp-json\/wp\/v2\/pages\/1168","targetHints":{"allow":["GET"]}}],"collection":[{"href":"https:\/\/lucioles-aufildesoi.fr\/index.php\/wp-json\/wp\/v2\/pages"}],"about":[{"href":"https:\/\/lucioles-aufildesoi.fr\/index.php\/wp-json\/wp\/v2\/types\/page"}],"author":[{"embeddable":true,"href":"https:\/\/lucioles-aufildesoi.fr\/index.php\/wp-json\/wp\/v2\/users\/1"}],"replies":[{"embeddable":true,"href":"https:\/\/lucioles-aufildesoi.fr\/index.php\/wp-json\/wp\/v2\/comments?post=1168"}],"version-history":[{"count":14,"href":"https:\/\/lucioles-aufildesoi.fr\/index.php\/wp-json\/wp\/v2\/pages\/1168\/revisions"}],"predecessor-version":[{"id":1199,"href":"https:\/\/lucioles-aufildesoi.fr\/index.php\/wp-json\/wp\/v2\/pages\/1168\/revisions\/1199"}],"wp:attachment":[{"href":"https:\/\/lucioles-aufildesoi.fr\/index.php\/wp-json\/wp\/v2\/media?parent=1168"}],"curies":[{"name":"wp","href":"https:\/\/api.w.org\/{rel}","templated":true}]}}